{"id":2250,"date":"2025-01-08T11:18:50","date_gmt":"2025-01-08T17:18:50","guid":{"rendered":"https:\/\/safecenter.org\/?page_id=2250"},"modified":"2025-10-24T10:39:16","modified_gmt":"2025-10-24T15:39:16","slug":"green-dot-kearney","status":"publish","type":"page","link":"https:\/\/safecenter.org\/es\/green-dot-kearney\/","title":{"rendered":"Punto Verde Kearney"},"content":{"rendered":"<div data-elementor-type=\"wp-page\" data-elementor-id=\"2250\" class=\"elementor elementor-2250\" data-elementor-post-type=\"page\">\n\t\t\t\t<div class=\"elementor-element elementor-element-f205fb8 e-flex e-con-boxed e-con e-parent\" data-id=\"f205fb8\" data-element_type=\"container\" data-e-type=\"container\" data-settings=\"{&quot;background_background&quot;:&quot;gradient&quot;}\">\n\t\t\t\t\t<div class=\"e-con-inner\">\n\t\t<div class=\"elementor-element elementor-element-217aba2 e-con-full e-flex e-con e-child\" data-id=\"217aba2\" data-element_type=\"container\" data-e-type=\"container\">\n\t\t\t\t<div class=\"elementor-element elementor-element-a15b020 elementor-widget__width-initial elementor-widget elementor-widget-heading\" data-id=\"a15b020\" data-element_type=\"widget\" data-e-type=\"widget\" data-widget_type=\"heading.default\">\n\t\t\t\t<div class=\"elementor-widget-container\">\n\t\t\t\t\t<h1 class=\"elementor-heading-title elementor-size-default\">Punto Verde Kearney<\/h1>\t\t\t\t<\/div>\n\t\t\t\t<\/div>\n\t\t\t\t<div class=\"elementor-element elementor-element-dcf4a2f elementor-widget elementor-widget-text-editor\" data-id=\"dcf4a2f\" data-element_type=\"widget\" data-e-type=\"widget\" data-widget_type=\"text-editor.default\">\n\t\t\t\t<div class=\"elementor-widget-container\">\n\t\t\t\t\t\t\t\t\t<p class=\"xmsonormal\"><em><span style=\"color: #ffffff;\">Green Dot es un programa de intervenci\u00f3n de espectadores reconocido a nivel nacional, dise\u00f1ado para empoderar a las personas para prevenir la violencia antes de que ocurra.\u00a0<\/span><\/em><\/p>\t\t\t\t\t\t\t\t<\/div>\n\t\t\t\t<\/div>\n\t\t\t\t<\/div>\n\t\t\t\t\t<\/div>\n\t\t\t\t<\/div>\n\t\t<div class=\"elementor-element elementor-element-e424710 e-flex e-con-boxed e-con e-parent\" data-id=\"e424710\" data-element_type=\"container\" data-e-type=\"container\">\n\t\t\t\t\t<div class=\"e-con-inner\">\n\t\t\t\t<div class=\"elementor-element elementor-element-94e6f0a elementor-widget elementor-widget-spacer\" data-id=\"94e6f0a\" data-element_type=\"widget\" data-e-type=\"widget\" data-widget_type=\"spacer.default\">\n\t\t\t\t<div class=\"elementor-widget-container\">\n\t\t\t\t\t\t\t<div class=\"elementor-spacer\">\n\t\t\t<div class=\"elementor-spacer-inner\"><\/div>\n\t\t<\/div>\n\t\t\t\t\t\t<\/div>\n\t\t\t\t<\/div>\n\t\t\t\t\t<\/div>\n\t\t\t\t<\/div>\n\t\t<div class=\"elementor-element elementor-element-f041033 e-flex e-con-boxed e-con e-parent\" data-id=\"f041033\" data-element_type=\"container\" data-e-type=\"container\">\n\t\t\t\t\t<div class=\"e-con-inner\">\n\t\t<div class=\"elementor-element elementor-element-92c5717 e-con-full e-flex e-con e-child\" data-id=\"92c5717\" data-element_type=\"container\" data-e-type=\"container\">\n\t\t\t\t<div class=\"elementor-element elementor-element-243377d elementor-widget__width-initial elementor-widget elementor-widget-text-editor\" data-id=\"243377d\" data-element_type=\"widget\" data-e-type=\"widget\" data-widget_type=\"text-editor.default\">\n\t\t\t\t<div class=\"elementor-widget-container\">\n\t\t\t\t\t\t\t\t\t<h1 style=\"text-align: center;\"><strong>\u00a0Descripci\u00f3n general del programa<\/strong><\/h1>\n<ul class=\"wp-block-list\">\n<li style=\"list-style-type: none;\">\n<ul class=\"wp-block-list\">\n<li><strong style=\"color: var( --e-global-color-text ); font-family: var( --e-global-typography-text-font-family ), Sans-serif; font-size: var( --e-global-typography-text-font-size ); text-align: var(--text-align);\">Intervenci\u00f3n de los transe\u00fantes:<\/strong><span style=\"color: var( --e-global-color-text ); font-family: var( --e-global-typography-text-font-family ), Sans-serif; font-size: var( --e-global-typography-text-font-size ); font-weight: var( --e-global-typography-text-font-weight ); text-align: var(--text-align);\"> El n\u00facleo del programa Punto Verde es la intervenci\u00f3n de los testigos, que proporciona a las personas las habilidades y la motivaci\u00f3n necesarias para intervenir en situaciones que podr\u00edan derivar en violencia. Este enfoque proactivo contribuye a crear una cultura donde no se tolera la violencia.<\/span><\/li>\n<\/ul>\n<\/li>\n<\/ul>\n<p><!-- \/wp:list-item --><!-- wp:list-item --><\/p>\n<ul>\n<li style=\"list-style-type: none;\">\n<ul class=\"wp-block-list\">\n<li><strong>Movilizaci\u00f3n comunitaria:<\/strong> Green Dot busca transformar las normas comunitarias fomentando comportamientos proactivos que modelen y respalden las normas no violentas. Esto contribuye a crear entornos m\u00e1s seguros, saludables y respetuosos.<\/li>\n<\/ul>\n<\/li>\n<\/ul>\n<p><!-- \/wp:list-item --><\/p>\n<p><!-- \/wp:list --><!-- wp:paragraph --><\/p>\n<p><!-- \/wp:paragraph --><!-- wp:list --><\/p>\n<ul class=\"wp-block-list\">\n<li style=\"list-style-type: none;\">\n<ul class=\"wp-block-list\"><!-- wp:list-item --><\/ul>\n<\/li>\n<\/ul>\n<ul class=\"wp-block-list\">\n<li style=\"list-style-type: none;\">\n<ul class=\"wp-block-list\"><!-- wp:list-item --><\/ul>\n<\/li>\n<\/ul>\n<p><!-- \/wp:paragraph --><!-- wp:paragraph --><\/p>\n<p><!-- \/wp:paragraph --><\/p>\t\t\t\t\t\t\t\t<\/div>\n\t\t\t\t<\/div>\n\t\t\t\t<\/div>\n\t\t<div class=\"elementor-element elementor-element-9660b7e e-con-full e-flex e-con e-child\" data-id=\"9660b7e\" data-element_type=\"container\" data-e-type=\"container\">\n\t\t\t\t<div class=\"elementor-element elementor-element-a750cdc elementor-widget elementor-widget-image\" data-id=\"a750cdc\" data-element_type=\"widget\" data-e-type=\"widget\" data-widget_type=\"image.default\">\n\t\t\t\t<div class=\"elementor-widget-container\">\n\t\t\t\t\t\t\t\t\t\t\t\t\t\t\t<img fetchpriority=\"high\" decoding=\"async\" width=\"500\" height=\"500\" src=\"https:\/\/safecenter.org\/wp-content\/uploads\/2025\/05\/Untitled-design-47.png\" class=\"attachment-full size-full wp-image-3192\" alt=\"\" srcset=\"https:\/\/safecenter.org\/wp-content\/uploads\/2025\/05\/Untitled-design-47.png 500w, https:\/\/safecenter.org\/wp-content\/uploads\/2025\/05\/Untitled-design-47-300x300.png 300w, https:\/\/safecenter.org\/wp-content\/uploads\/2025\/05\/Untitled-design-47-150x150.png 150w\" sizes=\"(max-width: 500px) 100vw, 500px\">\t\t\t\t\t\t\t\t\t\t\t\t\t\t\t<\/div>\n\t\t\t\t<\/div>\n\t\t\t\t<\/div>\n\t\t\t\t\t<\/div>\n\t\t\t\t<\/div>\n\t\t<div class=\"elementor-element elementor-element-5a85c58 e-flex e-con-boxed e-con e-parent\" data-id=\"5a85c58\" data-element_type=\"container\" data-e-type=\"container\">\n\t\t\t\t\t<div class=\"e-con-inner\">\n\t\t\t\t<div class=\"elementor-element elementor-element-4855673 elementor-widget-divider--view-line elementor-widget elementor-widget-divider\" data-id=\"4855673\" data-element_type=\"widget\" data-e-type=\"widget\" data-widget_type=\"divider.default\">\n\t\t\t\t<div class=\"elementor-widget-container\">\n\t\t\t\t\t\t\t<div class=\"elementor-divider\">\n\t\t\t<span class=\"elementor-divider-separator\">\n\t\t\t\t\t\t<\/span>\n\t\t<\/div>\n\t\t\t\t\t\t<\/div>\n\t\t\t\t<\/div>\n\t\t\t\t\t<\/div>\n\t\t\t\t<\/div>\n\t\t<div class=\"elementor-element elementor-element-55fe795 e-con-full e-flex e-con e-parent\" data-id=\"55fe795\" data-element_type=\"container\" data-e-type=\"container\" data-settings=\"{&quot;background_background&quot;:&quot;classic&quot;}\">\n\t\t\t\t<div class=\"elementor-element elementor-element-1b6d7cd elementor--h-position-right elementor--v-position-bottom elementor-arrows-position-inside elementor-pagination-position-inside elementor-widget elementor-widget-slides\" data-id=\"1b6d7cd\" data-element_type=\"widget\" data-e-type=\"widget\" data-settings=\"{&quot;transition_speed&quot;:600,&quot;navigation&quot;:&quot;both&quot;,&quot;autoplay&quot;:&quot;yes&quot;,&quot;pause_on_hover&quot;:&quot;yes&quot;,&quot;pause_on_interaction&quot;:&quot;yes&quot;,&quot;autoplay_speed&quot;:5000,&quot;infinite&quot;:&quot;yes&quot;,&quot;transition&quot;:&quot;slide&quot;}\" data-widget_type=\"slides.default\">\n\t\t\t\t<div class=\"elementor-widget-container\">\n\t\t\t\t\t\t\t\t\t<div class=\"elementor-swiper\">\n\t\t\t\t\t<div class=\"elementor-slides-wrapper elementor-main-swiper swiper\" role=\"region\" aria-roledescription=\"carousel\" aria-label=\"Diapositivas\" dir=\"ltr\" data-animation=\"fadeInRight\">\n\t\t\t\t<div class=\"swiper-wrapper elementor-slides\">\n\t\t\t\t\t\t\t\t\t\t<div class=\"elementor-repeater-item-b6db658 swiper-slide\" role=\"group\" aria-roledescription=\"slide\"><div class=\"swiper-slide-bg\" role=\"img\" aria-label=\"gd3\"><\/div><div class=\"swiper-slide-inner\" ><div class=\"swiper-slide-contents\"><div class=\"elementor-slide-heading\">\u00bfQu\u00e9 es Punto Verde?<\/div><div class=\"elementor-slide-description\">Punto Verde es un programa reconocido a nivel nacional que empodera a las personas para intervenir y detener la violencia antes de que ocurra. Ense\u00f1a a la gente com\u00fan c\u00f3mo intervenir de forma segura y promueve una cultura de respeto y seguridad.\n\n<\/div><\/div><\/div><\/div><div class=\"elementor-repeater-item-393efd2 swiper-slide\" role=\"group\" aria-roledescription=\"slide\"><div class=\"swiper-slide-bg\" role=\"img\" aria-label=\"gd4\"><\/div><div class=\"swiper-slide-inner\" ><div class=\"swiper-slide-contents\"><div class=\"elementor-slide-heading\">TODOS TENEMOS UN PAPEL<\/div><div class=\"elementor-slide-description\">Punto Verde se basa en la convicci\u00f3n de que todos contribuyen a crear comunidades m\u00e1s seguras. Ya sea en la escuela, el trabajo o en espacios p\u00fablicos, todos tenemos el poder de marcar la diferencia.<\/div><\/div><\/div><\/div><div class=\"elementor-repeater-item-3eb39b6 swiper-slide\" role=\"group\" aria-roledescription=\"slide\"><div class=\"swiper-slide-bg\" role=\"img\" aria-label=\"gd8\"><\/div><div class=\"swiper-slide-inner\" ><div class=\"swiper-slide-contents\"><div class=\"elementor-slide-heading\">PUNTOS ROJOS VS. PUNTOS VERDES<\/div><div class=\"elementor-slide-description\">Puntos Rojos = Momentos de da\u00f1o, como violencia en el noviazgo, acoso o agresi\u00f3n. Puntos Verdes = Acciones que detienen el da\u00f1o, como preguntarle a un amigo c\u00f3mo est\u00e1 o decir algo cuando algo no te parece bien.\n\n<\/div><\/div><\/div><\/div><div class=\"elementor-repeater-item-1d2781d swiper-slide\" role=\"group\" aria-roledescription=\"slide\"><div class=\"swiper-slide-bg\" role=\"img\" aria-label=\"gd7\"><\/div><div class=\"swiper-slide-inner\" ><div class=\"swiper-slide-contents\"><div class=\"elementor-slide-heading\">Peque\u00f1as acciones. Gran impacto. <\/div><div class=\"elementor-slide-description\">Cada vez que alguien decide intervenir, alzar la voz o apoyar a un sobreviviente, se convierte en un Punto Verde. Cuantos m\u00e1s puntos verdes creamos, menos puntos rojos vemos.<\/div><\/div><\/div><\/div><div class=\"elementor-repeater-item-14817a6 swiper-slide\" role=\"group\" aria-roledescription=\"slide\"><div class=\"swiper-slide-bg\" role=\"img\" aria-label=\"gd6\"><\/div><div class=\"swiper-slide-inner\" ><div class=\"swiper-slide-contents\"><div class=\"elementor-slide-heading\">Construyendo una cultura de seguridad<\/div><div class=\"elementor-slide-description\">Cuando m\u00e1s personas realizan peque\u00f1as acciones, cambiamos la norma. Green Dot impulsa a las comunidades, reemplazando el silencio con apoyo y la inacci\u00f3n con responsabilidad.<\/div><\/div><\/div><\/div><div class=\"elementor-repeater-item-d0107fd swiper-slide\" role=\"group\" aria-roledescription=\"slide\"><div class=\"swiper-slide-bg\" role=\"img\" aria-label=\"gd5\"><\/div><div class=\"swiper-slide-inner\" ><div class=\"swiper-slide-contents\"><div class=\"elementor-slide-heading\">\u00a1Te lo llevamos!<\/div><div class=\"elementor-slide-description\">Ofrecemos presentaciones atractivas para escuelas, empresas y grupos comunitarios. Los participantes adquieren las herramientas y la confianza necesarias para reconocer se\u00f1ales de alerta e intervenir de forma segura.<\/div><\/div><\/div><\/div>\t\t\t\t<\/div>\n\t\t\t\t\t\t\t\t\t\t\t\t\t\t\t<div class=\"elementor-swiper-button elementor-swiper-button-prev\" role=\"button\" tabindex=\"0\" aria-label=\"Diapositiva anterior\">\n\t\t\t\t\t\t\t<svg aria-hidden=\"true\" class=\"e-font-icon-svg e-eicon-chevron-left\" viewbox=\"0 0 1000 1000\" xmlns=\"http:\/\/www.w3.org\/2000\/svg\"><path d=\"M646 125C629 125 613 133 604 142L308 442C296 454 292 471 292 487 292 504 296 521 308 533L604 854C617 867 629 875 646 875 663 875 679 871 692 858 704 846 713 829 713 812 713 796 708 779 692 767L438 487 692 225C700 217 708 204 708 187 708 171 704 154 692 142 675 129 663 125 646 125Z\"><\/path><\/svg>\t\t\t\t\t\t<\/div>\n\t\t\t\t\t\t<div class=\"elementor-swiper-button elementor-swiper-button-next\" role=\"button\" tabindex=\"0\" aria-label=\"Siguiente diapositiva\">\n\t\t\t\t\t\t\t<svg aria-hidden=\"true\" class=\"e-font-icon-svg e-eicon-chevron-right\" viewbox=\"0 0 1000 1000\" xmlns=\"http:\/\/www.w3.org\/2000\/svg\"><path d=\"M696 533C708 521 713 504 713 487 713 471 708 454 696 446L400 146C388 133 375 125 354 125 338 125 325 129 313 142 300 154 292 171 292 187 292 204 296 221 308 233L563 492 304 771C292 783 288 800 288 817 288 833 296 850 308 863 321 871 338 875 354 875 371 875 388 867 400 854L696 533Z\"><\/path><\/svg>\t\t\t\t\t\t<\/div>\n\t\t\t\t\t\t\t\t\t\t\t\t\t\t\t\t<div class=\"swiper-pagination\"><\/div>\n\t\t\t\t\t\t\t\t\t\t\t\t<\/div>\n\t\t\t\t<\/div>\n\t\t\t\t\t\t\t\t<\/div>\n\t\t\t\t<\/div>\n\t\t\t\t<\/div>\n\t\t<div class=\"elementor-element elementor-element-078e17a e-flex e-con-boxed e-con e-parent\" data-id=\"078e17a\" data-element_type=\"container\" data-e-type=\"container\">\n\t\t\t\t\t<div class=\"e-con-inner\">\n\t\t\t\t<div class=\"elementor-element elementor-element-ffd0600 elementor-widget elementor-widget-spacer\" data-id=\"ffd0600\" data-element_type=\"widget\" data-e-type=\"widget\" data-widget_type=\"spacer.default\">\n\t\t\t\t<div class=\"elementor-widget-container\">\n\t\t\t\t\t\t\t<div class=\"elementor-spacer\">\n\t\t\t<div class=\"elementor-spacer-inner\"><\/div>\n\t\t<\/div>\n\t\t\t\t\t\t<\/div>\n\t\t\t\t<\/div>\n\t\t\t\t\t<\/div>\n\t\t\t\t<\/div>\n\t\t<div class=\"elementor-element elementor-element-0697388 e-flex e-con-boxed e-con e-parent\" data-id=\"0697388\" data-element_type=\"container\" data-e-type=\"container\" data-settings=\"{&quot;background_background&quot;:&quot;classic&quot;}\">\n\t\t\t\t\t<div class=\"e-con-inner\">\n\t\t\t\t<div class=\"elementor-element elementor-element-1b4626d elementor-widget__width-initial elementor-widget elementor-widget-text-editor\" data-id=\"1b4626d\" data-element_type=\"widget\" data-e-type=\"widget\" data-widget_type=\"text-editor.default\">\n\t\t\t\t<div class=\"elementor-widget-container\">\n\t\t\t\t\t\t\t\t\t<p style=\"text-align: center;\"><strong><span style=\"color: #ffffff;\">Llevamos las presentaciones de Green Dot a escuelas, empresas, clubes y grupos comunitarios; b\u00e1sicamente, a cualquier lugar donde la gente se re\u00fana. Nuestro objetivo: brindar a la gente las herramientas (\u00a1y la confianza!) para detectar se\u00f1ales de advertencia, intervenir con seguridad cuando algo no anda bien y ayudar a construir una cultura donde el respeto, la seguridad y la responsabilidad sean la norma.<\/span><\/strong><\/p>\t\t\t\t\t\t\t\t<\/div>\n\t\t\t\t<\/div>\n\t\t\t\t\t<\/div>\n\t\t\t\t<\/div>\n\t\t<div class=\"elementor-element elementor-element-acde404 e-flex e-con-boxed e-con e-parent\" data-id=\"acde404\" data-element_type=\"container\" data-e-type=\"container\">\n\t\t\t\t\t<div class=\"e-con-inner\">\n\t\t\t\t<div class=\"elementor-element elementor-element-65eea0a elementor-widget elementor-widget-spacer\" data-id=\"65eea0a\" data-element_type=\"widget\" data-e-type=\"widget\" data-widget_type=\"spacer.default\">\n\t\t\t\t<div class=\"elementor-widget-container\">\n\t\t\t\t\t\t\t<div class=\"elementor-spacer\">\n\t\t\t<div class=\"elementor-spacer-inner\"><\/div>\n\t\t<\/div>\n\t\t\t\t\t\t<\/div>\n\t\t\t\t<\/div>\n\t\t\t\t\t<\/div>\n\t\t\t\t<\/div>\n\t\t<div class=\"elementor-element elementor-element-dd229ae e-flex e-con-boxed e-con e-parent\" data-id=\"dd229ae\" data-element_type=\"container\" data-e-type=\"container\">\n\t\t\t\t\t<div class=\"e-con-inner\">\n\t\t<div class=\"elementor-element elementor-element-9a77c54 e-con-full e-flex e-con e-child\" data-id=\"9a77c54\" data-element_type=\"container\" data-e-type=\"container\">\n\t\t\t\t<div class=\"elementor-element elementor-element-351ca5b elementor-align-center elementor-widget__width-initial elementor-widget elementor-widget-button\" data-id=\"351ca5b\" data-element_type=\"widget\" data-e-type=\"widget\" data-widget_type=\"button.default\">\n\t\t\t\t<div class=\"elementor-widget-container\">\n\t\t\t\t\t\t\t\t\t<div class=\"elementor-button-wrapper\">\n\t\t\t\t\t<a class=\"elementor-button elementor-button-link elementor-size-sm elementor-animation-grow\" href=\"https:\/\/forms.office.com\/Pages\/ResponsePage.aspx?id=wsYEqgZUVkG-v_bSvuSAoCMlRgDojypEkA_YMkWKLq1UNDFQWExFQk1TM0RJT1dSWlo2WjhJVVFHVC4u\" target=\"_blank\" rel=\"noopener\">\n\t\t\t\t\t\t<span class=\"elementor-button-content-wrapper\">\n\t\t\t\t\t\t\t\t\t<span class=\"elementor-button-text\">Estoy dentro \u2013 \u00a1Entr\u00e9name!<\/span>\n\t\t\t\t\t<\/span>\n\t\t\t\t\t<\/a>\n\t\t\t\t<\/div>\n\t\t\t\t\t\t\t\t<\/div>\n\t\t\t\t<\/div>\n\t\t\t\t<\/div>\n\t\t<div class=\"elementor-element elementor-element-42a90a0 e-con-full e-flex e-con e-child\" data-id=\"42a90a0\" data-element_type=\"container\" data-e-type=\"container\">\n\t\t\t\t<div class=\"elementor-element elementor-element-8503e48 elementor-align-center elementor-widget elementor-widget-button\" data-id=\"8503e48\" data-element_type=\"widget\" data-e-type=\"widget\" data-widget_type=\"button.default\">\n\t\t\t\t<div class=\"elementor-widget-container\">\n\t\t\t\t\t\t\t\t\t<div class=\"elementor-button-wrapper\">\n\t\t\t\t\t<a class=\"elementor-button elementor-button-link elementor-size-sm elementor-animation-grow\" href=\"https:\/\/alteristic.org\/green-dot\/\" target=\"_blank\" rel=\"noopener\">\n\t\t\t\t\t\t<span class=\"elementor-button-content-wrapper\">\n\t\t\t\t\t\t\t\t\t<span class=\"elementor-button-text\">Explora el Punto Verde<\/span>\n\t\t\t\t\t<\/span>\n\t\t\t\t\t<\/a>\n\t\t\t\t<\/div>\n\t\t\t\t\t\t\t\t<\/div>\n\t\t\t\t<\/div>\n\t\t\t\t<\/div>\n\t\t\t\t\t<\/div>\n\t\t\t\t<\/div>\n\t\t<div class=\"elementor-element elementor-element-1af7573 e-con-full e-flex e-con e-parent\" data-id=\"1af7573\" data-element_type=\"container\" data-e-type=\"container\">\n\t\t\t\t<div class=\"elementor-element elementor-element-7edf359 elementor-widget__width-initial elementor-widget elementor-widget-image\" data-id=\"7edf359\" data-element_type=\"widget\" data-e-type=\"widget\" data-widget_type=\"image.default\">\n\t\t\t\t<div class=\"elementor-widget-container\">\n\t\t\t\t\t\t\t\t\t\t\t\t\t\t\t<img decoding=\"async\" width=\"150\" height=\"101\" src=\"https:\/\/safecenter.org\/wp-content\/uploads\/2025\/10\/klinkacekscholarship-logo-blue.avif\" class=\"attachment-thumbnail size-thumbnail wp-image-3565\" alt=\"\">\t\t\t\t\t\t\t\t\t\t\t\t\t\t\t<\/div>\n\t\t\t\t<\/div>\n\t\t\t\t<div class=\"elementor-element elementor-element-b273cb2 elementor-widget elementor-widget-text-editor\" data-id=\"b273cb2\" data-element_type=\"widget\" data-e-type=\"widget\" data-widget_type=\"text-editor.default\">\n\t\t\t\t<div class=\"elementor-widget-container\">\n\t\t\t\t\t\t\t\t\t<p style=\"text-align: center;\">With the support of the Arthur Klinkacek Community Enrichment Fund of the Kearney Area Community Foundation.\u00a0<\/p>\t\t\t\t\t\t\t\t<\/div>\n\t\t\t\t<\/div>\n\t\t\t\t<\/div>\n\t\t\t\t<\/div>","protected":false},"excerpt":{"rendered":"<p>Green Dot Kearney es un programa de intervenci\u00f3n con testigos reconocido a nivel nacional, dise\u00f1ado para empoderar a las personas a prevenir la violencia antes de que ocurra. Descripci\u00f3n general del programa: Intervenci\u00f3n con testigos: El n\u00facleo del programa Green Dot es la intervenci\u00f3n con testigos, que proporciona a las personas las habilidades y la motivaci\u00f3n para intervenir en situaciones que podr\u00edan derivar en violencia. Este programa proactivo\u2026<\/p>","protected":false},"author":1,"featured_media":2229,"parent":0,"menu_order":0,"comment_status":"closed","ping_status":"closed","template":"","meta":{"_kad_post_transparent":"disable","_kad_post_title":"hide","_kad_post_layout":"fullwidth","_kad_post_sidebar_id":"","_kad_post_content_style":"","_kad_post_vertical_padding":"","_kad_post_feature":"","_kad_post_feature_position":"","_kad_post_header":false,"_kad_post_footer":false,"_kad_post_classname":"","footnotes":""},"class_list":["post-2250","page","type-page","status-publish","has-post-thumbnail","hentry"],"_links":{"self":[{"href":"https:\/\/safecenter.org\/es\/wp-json\/wp\/v2\/pages\/2250","targetHints":{"allow":["GET"]}}],"collection":[{"href":"https:\/\/safecenter.org\/es\/wp-json\/wp\/v2\/pages"}],"about":[{"href":"https:\/\/safecenter.org\/es\/wp-json\/wp\/v2\/types\/page"}],"author":[{"embeddable":true,"href":"https:\/\/safecenter.org\/es\/wp-json\/wp\/v2\/users\/1"}],"replies":[{"embeddable":true,"href":"https:\/\/safecenter.org\/es\/wp-json\/wp\/v2\/comments?post=2250"}],"version-history":[{"count":163,"href":"https:\/\/safecenter.org\/es\/wp-json\/wp\/v2\/pages\/2250\/revisions"}],"predecessor-version":[{"id":3569,"href":"https:\/\/safecenter.org\/es\/wp-json\/wp\/v2\/pages\/2250\/revisions\/3569"}],"wp:featuredmedia":[{"embeddable":true,"href":"https:\/\/safecenter.org\/es\/wp-json\/wp\/v2\/media\/2229"}],"wp:attachment":[{"href":"https:\/\/safecenter.org\/es\/wp-json\/wp\/v2\/media?parent=2250"}],"curies":[{"name":"gracias","href":"https:\/\/api.w.org\/{rel}","templated":true}]}}