{"id":367,"date":"2024-01-24T12:41:25","date_gmt":"2024-01-24T17:41:25","guid":{"rendered":"https:\/\/24f56f3954.nxcli.io\/?page_id=367"},"modified":"2025-05-30T14:34:47","modified_gmt":"2025-05-30T19:34:47","slug":"intervention","status":"publish","type":"page","link":"https:\/\/safecenter.org\/es\/intervention\/","title":{"rendered":"Intervenci\u00f3n"},"content":{"rendered":"<div data-elementor-type=\"wp-page\" data-elementor-id=\"367\" class=\"elementor elementor-367\" data-elementor-post-type=\"page\">\n\t\t\t\t<div class=\"elementor-element elementor-element-fa808f2 e-con-full e-flex e-con e-parent\" data-id=\"fa808f2\" data-element_type=\"container\" data-e-type=\"container\" data-settings=\"{&quot;background_background&quot;:&quot;gradient&quot;}\">\n\t\t<div class=\"elementor-element elementor-element-50736bd e-flex e-con-boxed e-con e-child\" data-id=\"50736bd\" data-element_type=\"container\" data-e-type=\"container\">\n\t\t\t\t\t<div class=\"e-con-inner\">\n\t\t<div class=\"elementor-element elementor-element-ea4cf08 e-flex e-con-boxed e-con e-child\" data-id=\"ea4cf08\" data-element_type=\"container\" data-e-type=\"container\" data-settings=\"{&quot;background_background&quot;:&quot;classic&quot;}\">\n\t\t\t\t\t<div class=\"e-con-inner\">\n\t\t\t\t<div class=\"elementor-element elementor-element-2989072 elementor-widget elementor-widget-heading\" data-id=\"2989072\" data-element_type=\"widget\" data-e-type=\"widget\" data-widget_type=\"heading.default\">\n\t\t\t\t<div class=\"elementor-widget-container\">\n\t\t\t\t\t<h1 class=\"elementor-heading-title elementor-size-default\">Intervenci\u00f3n<\/h1>\t\t\t\t<\/div>\n\t\t\t\t<\/div>\n\t\t\t\t<div class=\"elementor-element elementor-element-ed8829b elementor-widget elementor-widget-text-editor\" data-id=\"ed8829b\" data-element_type=\"widget\" data-e-type=\"widget\" data-widget_type=\"text-editor.default\">\n\t\t\t\t<div class=\"elementor-widget-container\">\n\t\t\t\t\t\t\t\t\t<p style=\"text-align: left;\"><em><strong><span style=\"color: #ffffff;\">Si sufres abuso o apoyas a alguien que lo sufre, no est\u00e1s solo. El Centro SAFE ofrece apoyo gratuito y confidencial las 24 horas, los 7 d\u00edas de la semana. <\/span><\/strong><strong><span style=\"color: #ffffff;\">Nuestros asesores est\u00e1n aqu\u00ed para escucharlo, guiarlo y acompa\u00f1arlo en cada paso del camino.<\/span><\/strong><\/em><\/p>\t\t\t\t\t\t\t\t<\/div>\n\t\t\t\t<\/div>\n\t\t\t\t\t<\/div>\n\t\t\t\t<\/div>\n\t\t\t\t\t<\/div>\n\t\t\t\t<\/div>\n\t\t\t\t<\/div>\n\t\t<div class=\"elementor-element elementor-element-7aed962 e-flex e-con-boxed e-con e-parent\" data-id=\"7aed962\" data-element_type=\"container\" data-e-type=\"container\">\n\t\t\t\t\t<div class=\"e-con-inner\">\n\t\t\t\t<div class=\"elementor-element elementor-element-4bdd766 elementor-widget elementor-widget-spacer\" data-id=\"4bdd766\" data-element_type=\"widget\" data-e-type=\"widget\" data-widget_type=\"spacer.default\">\n\t\t\t\t<div class=\"elementor-widget-container\">\n\t\t\t\t\t\t\t<div class=\"elementor-spacer\">\n\t\t\t<div class=\"elementor-spacer-inner\"><\/div>\n\t\t<\/div>\n\t\t\t\t\t\t<\/div>\n\t\t\t\t<\/div>\n\t\t\t\t\t<\/div>\n\t\t\t\t<\/div>\n\t\t<div class=\"elementor-element elementor-element-a0a6007 e-flex e-con-boxed e-con e-parent\" data-id=\"a0a6007\" data-element_type=\"container\" data-e-type=\"container\">\n\t\t\t\t\t<div class=\"e-con-inner\">\n\t\t<div class=\"elementor-element elementor-element-4922ea1 e-con-full e-flex e-con e-child\" data-id=\"4922ea1\" data-element_type=\"container\" data-e-type=\"container\">\n\t\t<div class=\"elementor-element elementor-element-86db54e e-con-full e-flex e-con e-child\" data-id=\"86db54e\" data-element_type=\"container\" data-e-type=\"container\">\n\t\t<div class=\"elementor-element elementor-element-fdfcd5a e-con-full e-flex e-con e-child\" data-id=\"fdfcd5a\" data-element_type=\"container\" data-e-type=\"container\">\n\t\t\t\t<div class=\"elementor-element elementor-element-e99ad31 elementor-widget__width-initial elementor-widget elementor-widget-heading\" data-id=\"e99ad31\" data-element_type=\"widget\" data-e-type=\"widget\" data-widget_type=\"heading.default\">\n\t\t\t\t<div class=\"elementor-widget-container\">\n\t\t\t\t\t<h2 class=\"elementor-heading-title elementor-size-default\">Servicios Biling\u00fces<\/h2>\t\t\t\t<\/div>\n\t\t\t\t<\/div>\n\t\t\t\t<div class=\"elementor-element elementor-element-117b6a0 elementor-widget elementor-widget-text-editor\" data-id=\"117b6a0\" data-element_type=\"widget\" data-e-type=\"widget\" data-widget_type=\"text-editor.default\">\n\t\t\t\t<div class=\"elementor-widget-container\">\n\t\t\t\t\t\t\t\t\t<p>Los servicios biling\u00fces est\u00e1n disponibles en espa\u00f1ol.<br data-start=\"474\" data-end=\"477\" \/>Servicios de intercesor\u00eda biling\u00fces disponibles en espa\u00f1ol.<\/p>\t\t\t\t\t\t\t\t<\/div>\n\t\t\t\t<\/div>\n\t\t\t\t<div class=\"elementor-element elementor-element-9bfac89 elementor-widget elementor-widget-heading\" data-id=\"9bfac89\" data-element_type=\"widget\" data-e-type=\"widget\" data-widget_type=\"heading.default\">\n\t\t\t\t<div class=\"elementor-widget-container\">\n\t\t\t\t\t<h2 class=\"elementor-heading-title elementor-size-default\">Asesoramiento<\/h2>\t\t\t\t<\/div>\n\t\t\t\t<\/div>\n\t\t\t\t<div class=\"elementor-element elementor-element-f96f3cd elementor-widget elementor-widget-text-editor\" data-id=\"f96f3cd\" data-element_type=\"widget\" data-e-type=\"widget\" data-widget_type=\"text-editor.default\">\n\t\t\t\t<div class=\"elementor-widget-container\">\n\t\t\t\t\t\t\t\t\t<p style=\"text-align: left;\"><span style=\"color: #000000;\">La consejer\u00eda ofrece a las sobrevivientes un espacio seguro y confidencial donde pueden ser escuchadas, apoyadas y atendidas. Ofrecemos estos servicios de forma gratuita.<\/span><\/p>\t\t\t\t\t\t\t\t<\/div>\n\t\t\t\t<\/div>\n\t\t\t\t<div class=\"elementor-element elementor-element-eadda84 elementor-widget elementor-widget-heading\" data-id=\"eadda84\" data-element_type=\"widget\" data-e-type=\"widget\" data-widget_type=\"heading.default\">\n\t\t\t\t<div class=\"elementor-widget-container\">\n\t\t\t\t\t<h2 class=\"elementor-heading-title elementor-size-default\">Educaci\u00f3n y prevenci\u00f3n<\/h2>\t\t\t\t<\/div>\n\t\t\t\t<\/div>\n\t\t\t\t<div class=\"elementor-element elementor-element-2fec30d elementor-widget elementor-widget-text-editor\" data-id=\"2fec30d\" data-element_type=\"widget\" data-e-type=\"widget\" data-widget_type=\"text-editor.default\">\n\t\t\t\t<div class=\"elementor-widget-container\">\n\t\t\t\t\t\t\t\t\t<p>Ofrecemos presentaciones educativas gratuitas sobre temas relacionados con la violencia dom\u00e9stica y la agresi\u00f3n sexual. Si le interesa, comun\u00edquese con nuestra oficina; con gusto adaptaremos la presentaci\u00f3n a las necesidades de su grupo.<\/p>\t\t\t\t\t\t\t\t<\/div>\n\t\t\t\t<\/div>\n\t\t\t\t<div class=\"elementor-element elementor-element-6767cd2 elementor-widget elementor-widget-heading\" data-id=\"6767cd2\" data-element_type=\"widget\" data-e-type=\"widget\" data-widget_type=\"heading.default\">\n\t\t\t\t<div class=\"elementor-widget-container\">\n\t\t\t\t\t<h2 class=\"elementor-heading-title elementor-size-default\">Referencias legales y asistencia con \u00f3rdenes de protecci\u00f3n<\/h2>\t\t\t\t<\/div>\n\t\t\t\t<\/div>\n\t\t\t\t<div class=\"elementor-element elementor-element-abdb6c8 elementor-widget elementor-widget-text-editor\" data-id=\"abdb6c8\" data-element_type=\"widget\" data-e-type=\"widget\" data-widget_type=\"text-editor.default\">\n\t\t\t\t<div class=\"elementor-widget-container\">\n\t\t\t\t\t\t\t\t\t<p><strong>El Centro SAFE no puede brindar asesoramiento legal. <\/strong>Podemos brindar asistencia para obtener \u00f3rdenes de protecci\u00f3n, referencias a abogados locales y apoyo durante cualquier procedimiento judicial.<\/p>\t\t\t\t\t\t\t\t<\/div>\n\t\t\t\t<\/div>\n\t\t\t\t<div class=\"elementor-element elementor-element-436bec5 elementor-widget elementor-widget-heading\" data-id=\"436bec5\" data-element_type=\"widget\" data-e-type=\"widget\" data-widget_type=\"heading.default\">\n\t\t\t\t<div class=\"elementor-widget-container\">\n\t\t\t\t\t<h2 class=\"elementor-heading-title elementor-size-default\">Asesoria m\u00e9dica\n<\/h2>\t\t\t\t<\/div>\n\t\t\t\t<\/div>\n\t\t\t\t<div class=\"elementor-element elementor-element-9d49c23 elementor-widget elementor-widget-text-editor\" data-id=\"9d49c23\" data-element_type=\"widget\" data-e-type=\"widget\" data-widget_type=\"text-editor.default\">\n\t\t\t\t<div class=\"elementor-widget-container\">\n\t\t\t\t\t\t\t\t\t<p>Nuestros asesores ofrecen apoyo e informaci\u00f3n a los sobrevivientes y pueden acompa\u00f1arlos a hospitales, ex\u00e1menes m\u00e9dicos o tratamientos.<\/p>\t\t\t\t\t\t\t\t<\/div>\n\t\t\t\t<\/div>\n\t\t\t\t<div class=\"elementor-element elementor-element-d074405 elementor-widget elementor-widget-heading\" data-id=\"d074405\" data-element_type=\"widget\" data-e-type=\"widget\" data-widget_type=\"heading.default\">\n\t\t\t\t<div class=\"elementor-widget-container\">\n\t\t\t\t\t<h2 class=\"elementor-heading-title elementor-size-default\">Refugio<\/h2>\t\t\t\t<\/div>\n\t\t\t\t<\/div>\n\t\t\t\t<div class=\"elementor-element elementor-element-7864ab5 elementor-widget elementor-widget-text-editor\" data-id=\"7864ab5\" data-element_type=\"widget\" data-e-type=\"widget\" data-widget_type=\"text-editor.default\">\n\t\t\t\t<div class=\"elementor-widget-container\">\n\t\t\t\t\t\t\t\t\t<p>Cuando la seguridad es urgente, brindamos un espacio seguro para los sobrevivientes que huyen de la violencia: sin juicios, solo apoyo.<\/p>\t\t\t\t\t\t\t\t<\/div>\n\t\t\t\t<\/div>\n\t\t\t\t<div class=\"elementor-element elementor-element-7ac795c elementor-widget elementor-widget-heading\" data-id=\"7ac795c\" data-element_type=\"widget\" data-e-type=\"widget\" data-widget_type=\"heading.default\">\n\t\t\t\t<div class=\"elementor-widget-container\">\n\t\t\t\t\t<h2 class=\"elementor-heading-title elementor-size-default\">Soporte e informaci\u00f3n<\/h2>\t\t\t\t<\/div>\n\t\t\t\t<\/div>\n\t\t\t\t<div class=\"elementor-element elementor-element-8ae5472 elementor-widget elementor-widget-text-editor\" data-id=\"8ae5472\" data-element_type=\"widget\" data-e-type=\"widget\" data-widget_type=\"text-editor.default\">\n\t\t\t\t<div class=\"elementor-widget-container\">\n\t\t\t\t\t\t\t\t\t<p class=\"\" data-start=\"63\" data-end=\"281\">Ofrecemos un grupo de apoyo para adultos que han sufrido violencia dom\u00e9stica o agresi\u00f3n sexual, junto con un grupo de ni\u00f1os que ofrece actividades divertidas y apropiadas para la edad de los ni\u00f1os sobrevivientes y los hijos de sobrevivientes.<\/p><p class=\"\" data-start=\"288\" data-end=\"368\"><strong data-start=\"288\" data-end=\"368\">Comun\u00edquese con nuestra oficina para obtener m\u00e1s informaci\u00f3n sobre los horarios y la disponibilidad de los grupos de apoyo.<\/strong><\/p>\t\t\t\t\t\t\t\t<\/div>\n\t\t\t\t<\/div>\n\t\t\t\t<div class=\"elementor-element elementor-element-e5381df elementor-widget elementor-widget-heading\" data-id=\"e5381df\" data-element_type=\"widget\" data-e-type=\"widget\" data-widget_type=\"heading.default\">\n\t\t\t\t<div class=\"elementor-widget-container\">\n\t\t\t\t\t<h2 class=\"elementor-heading-title elementor-size-default\">Transporte<\/h2>\t\t\t\t<\/div>\n\t\t\t\t<\/div>\n\t\t\t\t<div class=\"elementor-element elementor-element-db69f3e elementor-widget elementor-widget-text-editor\" data-id=\"db69f3e\" data-element_type=\"widget\" data-e-type=\"widget\" data-widget_type=\"text-editor.default\">\n\t\t\t\t<div class=\"elementor-widget-container\">\n\t\t\t\t\t\t\t\t\t<p>Si es necesario, nuestros asesores pueden proporcionarle transporte para ayudarlo a llegar a la corte, citas m\u00e9dicas o reuniones con otras agencias.<\/p>\t\t\t\t\t\t\t\t<\/div>\n\t\t\t\t<\/div>\n\t\t\t\t<\/div>\n\t\t\t\t<\/div>\n\t\t\t\t<\/div>\n\t\t<div class=\"elementor-element elementor-element-cb62d64 e-con-full e-flex e-con e-child\" data-id=\"cb62d64\" data-element_type=\"container\" data-e-type=\"container\">\n\t\t<div class=\"elementor-element elementor-element-5a9315b e-con-full e-flex e-con e-child\" data-id=\"5a9315b\" data-element_type=\"container\" data-e-type=\"container\">\n\t\t\t\t<div class=\"elementor-element elementor-element-ee4f741 elementor-widget elementor-widget-image\" data-id=\"ee4f741\" data-element_type=\"widget\" data-e-type=\"widget\" data-widget_type=\"image.default\">\n\t\t\t\t<div class=\"elementor-widget-container\">\n\t\t\t\t\t\t\t\t\t\t\t\t\t\t\t<img fetchpriority=\"high\" decoding=\"async\" width=\"1024\" height=\"576\" src=\"https:\/\/safecenter.org\/wp-content\/uploads\/2025\/05\/Untitled-design-45-1024x576.png\" class=\"attachment-large size-large wp-image-2978\" alt=\"\" srcset=\"https:\/\/safecenter.org\/wp-content\/uploads\/2025\/05\/Untitled-design-45-1024x576.png 1024w, https:\/\/safecenter.org\/wp-content\/uploads\/2025\/05\/Untitled-design-45-300x169.png 300w, https:\/\/safecenter.org\/wp-content\/uploads\/2025\/05\/Untitled-design-45-768x432.png 768w, https:\/\/safecenter.org\/wp-content\/uploads\/2025\/05\/Untitled-design-45.png 1366w\" sizes=\"(max-width: 1024px) 100vw, 1024px\">\t\t\t\t\t\t\t\t\t\t\t\t\t\t\t<\/div>\n\t\t\t\t<\/div>\n\t\t\t\t<div class=\"elementor-element elementor-element-328da62 elementor-widget elementor-widget-text-editor\" data-id=\"328da62\" data-element_type=\"widget\" data-e-type=\"widget\" data-widget_type=\"text-editor.default\">\n\t\t\t\t<div class=\"elementor-widget-container\">\n\t\t\t\t\t\t\t\t\t<p><em data-start=\"2713\" data-end=\"2805\">\u201cEl Centro SAFE no solo me ayud\u00f3 a sobrevivir, sino que tambi\u00e9n me ayud\u00f3 a recuperar mi fuerza\u201d.<\/em><br data-start=\"2805\" data-end=\"2808\" \/>\u2013 Ex cliente<\/p>\t\t\t\t\t\t\t\t<\/div>\n\t\t\t\t<\/div>\n\t\t\t\t<\/div>\n\t\t\t\t<div class=\"elementor-element elementor-element-0068449 elementor-widget elementor-widget-spacer\" data-id=\"0068449\" data-element_type=\"widget\" data-e-type=\"widget\" data-widget_type=\"spacer.default\">\n\t\t\t\t<div class=\"elementor-widget-container\">\n\t\t\t\t\t\t\t<div class=\"elementor-spacer\">\n\t\t\t<div class=\"elementor-spacer-inner\"><\/div>\n\t\t<\/div>\n\t\t\t\t\t\t<\/div>\n\t\t\t\t<\/div>\n\t\t<div class=\"elementor-element elementor-element-016f0f2 e-con-full e-flex e-con e-child\" data-id=\"016f0f2\" data-element_type=\"container\" data-e-type=\"container\">\n\t\t<div class=\"elementor-element elementor-element-ac2f390 e-con-full e-flex e-con e-child\" data-id=\"ac2f390\" data-element_type=\"container\" data-e-type=\"container\">\n\t\t\t\t<div class=\"elementor-element elementor-element-faeaa4f elementor-widget__width-initial elementor-widget elementor-widget-heading\" data-id=\"faeaa4f\" data-element_type=\"widget\" data-e-type=\"widget\" data-widget_type=\"heading.default\">\n\t\t\t\t<div class=\"elementor-widget-container\">\n\t\t\t\t\t<h2 class=\"elementor-heading-title elementor-size-default\">L\u00ednea de crisis las 24 horas<\/h2>\t\t\t\t<\/div>\n\t\t\t\t<\/div>\n\t\t\t\t<div class=\"elementor-element elementor-element-e16e356 elementor-widget__width-initial elementor-widget elementor-widget-text-editor\" data-id=\"e16e356\" data-element_type=\"widget\" data-e-type=\"widget\" data-widget_type=\"text-editor.default\">\n\t\t\t\t<div class=\"elementor-widget-container\">\n\t\t\t\t\t\t\t\t\t<p style=\"text-align: left;\"><span style=\"color: #000000;\">El apoyo confidencial, la informaci\u00f3n y el acceso a los servicios est\u00e1n disponibles las 24 horas del d\u00eda llamando al Centro SAFE al 237-2599 o al 1-877-237-2513. Las llamadas se atienden en la oficina de 8:00 p. m. a 5:00 p. m., de lunes a viernes, y el personal de guardia responde a las llamadas de crisis fuera del horario laboral y los fines de semana. El personal est\u00e1 disponible para atender a los clientes sin cita previa en la oficina de 9:00 p. m. a 5:00 p. m., de lunes a viernes, y puede brindar intervenci\u00f3n inmediata y continua en caso de crisis.<\/span><\/p>\t\t\t\t\t\t\t\t<\/div>\n\t\t\t\t<\/div>\n\t\t\t\t<\/div>\n\t\t\t\t<\/div>\n\t\t\t\t<\/div>\n\t\t\t\t\t<\/div>\n\t\t\t\t<\/div>\n\t\t<div class=\"elementor-element elementor-element-134309b e-flex e-con-boxed e-con e-parent\" data-id=\"134309b\" data-element_type=\"container\" data-e-type=\"container\">\n\t\t\t\t\t<div class=\"e-con-inner\">\n\t\t\t\t<div class=\"elementor-element elementor-element-6c6d566 elementor-widget elementor-widget-heading\" data-id=\"6c6d566\" data-element_type=\"widget\" data-e-type=\"widget\" data-widget_type=\"heading.default\">\n\t\t\t\t<div class=\"elementor-widget-container\">\n\t\t\t\t\t<h2 class=\"elementor-heading-title elementor-size-default\">\u00bfA\u00fan tienes preguntas?<\/h2>\t\t\t\t<\/div>\n\t\t\t\t<\/div>\n\t\t\t\t\t<\/div>\n\t\t\t\t<\/div>\n\t\t<div class=\"elementor-element elementor-element-4a8dbdf e-con-full e-flex e-con e-parent\" data-id=\"4a8dbdf\" data-element_type=\"container\" data-e-type=\"container\">\n\t\t<a class=\"elementor-element elementor-element-f3df348 e-con-full e-flex e-con e-child\" data-id=\"f3df348\" data-element_type=\"container\" data-e-type=\"container\" data-settings=\"{&quot;background_background&quot;:&quot;classic&quot;}\" href=\"https:\/\/safecenter.org\/es\/contact\/\">\n\t\t\t\t<div class=\"elementor-element elementor-element-20b6087 elementor-widget elementor-widget-heading\" data-id=\"20b6087\" data-element_type=\"widget\" data-e-type=\"widget\" data-widget_type=\"heading.default\">\n\t\t\t\t<div class=\"elementor-widget-container\">\n\t\t\t\t\t<h2 class=\"elementor-heading-title elementor-size-default\">Cont\u00e1ctanos<\/h2>\t\t\t\t<\/div>\n\t\t\t\t<\/div>\n\t\t\t\t<\/a>\n\t\t<a class=\"elementor-element elementor-element-dd0aa8c e-con-full e-flex e-con e-child\" data-id=\"dd0aa8c\" data-element_type=\"container\" data-e-type=\"container\" data-settings=\"{&quot;background_background&quot;:&quot;classic&quot;}\" href=\"https:\/\/safecenter.org\/es\/prevention\/\">\n\t\t\t\t<div class=\"elementor-element elementor-element-7b44245 elementor-widget elementor-widget-heading\" data-id=\"7b44245\" data-element_type=\"widget\" data-e-type=\"widget\" data-widget_type=\"heading.default\">\n\t\t\t\t<div class=\"elementor-widget-container\">\n\t\t\t\t\t<h2 class=\"elementor-heading-title elementor-size-default\">Aprenda m\u00e1s sobre la prevenci\u00f3n<\/h2>\t\t\t\t<\/div>\n\t\t\t\t<\/div>\n\t\t\t\t<\/a>\n\t\t<a class=\"elementor-element elementor-element-8036b55 e-con-full e-flex e-con e-child\" data-id=\"8036b55\" data-element_type=\"container\" data-e-type=\"container\" data-settings=\"{&quot;background_background&quot;:&quot;classic&quot;}\" href=\"https:\/\/safecenter.org\/es\/\">\n\t\t\t\t<div class=\"elementor-element elementor-element-292940f elementor-widget elementor-widget-heading\" data-id=\"292940f\" data-element_type=\"widget\" data-e-type=\"widget\" data-widget_type=\"heading.default\">\n\t\t\t\t<div class=\"elementor-widget-container\">\n\t\t\t\t\t<h2 class=\"elementor-heading-title elementor-size-default\">Volver a la p\u00e1gina de inicio<\/h2>\t\t\t\t<\/div>\n\t\t\t\t<\/div>\n\t\t\t\t<\/a>\n\t\t\t\t<\/div>\n\t\t\t\t<\/div>","protected":false},"excerpt":{"rendered":"<p>Intervenci\u00f3n. Si sufres abuso o apoyas a alguien que lo sufre, no est\u00e1s solo. El Centro SAFE ofrece apoyo gratuito y confidencial las 24 horas, los 7 d\u00edas de la semana. Nuestros defensores est\u00e1n aqu\u00ed para escucharte, guiarte y acompa\u00f1arte en cada paso del camino. Servicios biling\u00fces. Servicios de intercesi\u00f3n biling\u00fces disponibles en espa\u00f1ol. Consejer\u00eda. La consejer\u00eda ofrece\u2026<\/p>","protected":false},"author":1,"featured_media":0,"parent":0,"menu_order":0,"comment_status":"closed","ping_status":"closed","template":"","meta":{"_kad_post_transparent":"","_kad_post_title":"hide","_kad_post_layout":"fullwidth","_kad_post_sidebar_id":"","_kad_post_content_style":"unboxed","_kad_post_vertical_padding":"hide","_kad_post_feature":"hide","_kad_post_feature_position":"","_kad_post_header":false,"_kad_post_footer":false,"_kad_post_classname":"","footnotes":""},"class_list":["post-367","page","type-page","status-publish","hentry"],"_links":{"self":[{"href":"https:\/\/safecenter.org\/es\/wp-json\/wp\/v2\/pages\/367","targetHints":{"allow":["GET"]}}],"collection":[{"href":"https:\/\/safecenter.org\/es\/wp-json\/wp\/v2\/pages"}],"about":[{"href":"https:\/\/safecenter.org\/es\/wp-json\/wp\/v2\/types\/page"}],"author":[{"embeddable":true,"href":"https:\/\/safecenter.org\/es\/wp-json\/wp\/v2\/users\/1"}],"replies":[{"embeddable":true,"href":"https:\/\/safecenter.org\/es\/wp-json\/wp\/v2\/comments?post=367"}],"version-history":[{"count":130,"href":"https:\/\/safecenter.org\/es\/wp-json\/wp\/v2\/pages\/367\/revisions"}],"predecessor-version":[{"id":3239,"href":"https:\/\/safecenter.org\/es\/wp-json\/wp\/v2\/pages\/367\/revisions\/3239"}],"wp:attachment":[{"href":"https:\/\/safecenter.org\/es\/wp-json\/wp\/v2\/media?parent=367"}],"curies":[{"name":"gracias","href":"https:\/\/api.w.org\/{rel}","templated":true}]}}