{"id":393,"date":"2024-01-24T14:00:29","date_gmt":"2024-01-24T19:00:29","guid":{"rendered":"https:\/\/24f56f3954.nxcli.io\/?page_id=393"},"modified":"2025-05-30T14:25:27","modified_gmt":"2025-05-30T19:25:27","slug":"prevention","status":"publish","type":"page","link":"https:\/\/safecenter.org\/es\/prevention\/","title":{"rendered":"Prevenci\u00f3n"},"content":{"rendered":"<div data-elementor-type=\"wp-page\" data-elementor-id=\"393\" class=\"elementor elementor-393\" data-elementor-post-type=\"page\">\n\t\t\t\t<div class=\"elementor-element elementor-element-f0108ae e-con-full e-flex e-con e-parent\" data-id=\"f0108ae\" data-element_type=\"container\" data-settings=\"{&quot;background_background&quot;:&quot;gradient&quot;}\">\n\t\t<div class=\"elementor-element elementor-element-554bcdb e-flex e-con-boxed e-con e-child\" data-id=\"554bcdb\" data-element_type=\"container\">\n\t\t\t\t\t<div class=\"e-con-inner\">\n\t\t<div class=\"elementor-element elementor-element-da0770f e-flex e-con-boxed e-con e-child\" data-id=\"da0770f\" data-element_type=\"container\" data-settings=\"{&quot;background_background&quot;:&quot;classic&quot;}\">\n\t\t\t\t\t<div class=\"e-con-inner\">\n\t\t\t\t<div class=\"elementor-element elementor-element-90d7423 elementor-widget elementor-widget-heading\" data-id=\"90d7423\" data-element_type=\"widget\" data-widget_type=\"heading.default\">\n\t\t\t\t<div class=\"elementor-widget-container\">\n\t\t\t\t\t<h1 class=\"elementor-heading-title elementor-size-default\">Prevenci\u00f3n<\/h1>\t\t\t\t<\/div>\n\t\t\t\t<\/div>\n\t\t\t\t<div class=\"elementor-element elementor-element-89d0e5b elementor-widget elementor-widget-text-editor\" data-id=\"89d0e5b\" data-element_type=\"widget\" data-widget_type=\"text-editor.default\">\n\t\t\t\t<div class=\"elementor-widget-container\">\n\t\t\t\t\t\t\t\t\t<p><em><strong><span style=\"color: #ffffff;\">La prevenci\u00f3n es fundamental en nuestra misi\u00f3n. Al fomentar la concientizaci\u00f3n, la educaci\u00f3n y la participaci\u00f3n comunitaria, buscamos detener la violencia antes de que comience. Descubra c\u00f3mo nuestras iniciativas empoderan a personas y comunidades para construir relaciones m\u00e1s seguras y saludables.<\/span><\/strong><\/em><\/p>\t\t\t\t\t\t\t\t<\/div>\n\t\t\t\t<\/div>\n\t\t\t\t\t<\/div>\n\t\t\t\t<\/div>\n\t\t\t\t\t<\/div>\n\t\t\t\t<\/div>\n\t\t\t\t<\/div>\n\t\t<div class=\"elementor-element elementor-element-16cf14c e-flex e-con-boxed e-con e-parent\" data-id=\"16cf14c\" data-element_type=\"container\">\n\t\t\t\t\t<div class=\"e-con-inner\">\n\t\t\t\t<div class=\"elementor-element elementor-element-2f56576 elementor-widget elementor-widget-spacer\" data-id=\"2f56576\" data-element_type=\"widget\" data-widget_type=\"spacer.default\">\n\t\t\t\t<div class=\"elementor-widget-container\">\n\t\t\t\t\t\t\t<div class=\"elementor-spacer\">\n\t\t\t<div class=\"elementor-spacer-inner\"><\/div>\n\t\t<\/div>\n\t\t\t\t\t\t<\/div>\n\t\t\t\t<\/div>\n\t\t\t\t\t<\/div>\n\t\t\t\t<\/div>\n\t\t<div class=\"elementor-element elementor-element-f74dad6 e-flex e-con-boxed e-con e-parent\" data-id=\"f74dad6\" data-element_type=\"container\">\n\t\t\t\t\t<div class=\"e-con-inner\">\n\t\t<div class=\"elementor-element elementor-element-93eb2e4 e-con-full e-flex e-con e-child\" data-id=\"93eb2e4\" data-element_type=\"container\" data-settings=\"{&quot;background_background&quot;:&quot;classic&quot;}\">\n\t\t\t\t<div class=\"elementor-element elementor-element-67886b9 elementor-widget__width-inherit elementor-widget elementor-widget-heading\" data-id=\"67886b9\" data-element_type=\"widget\" data-widget_type=\"heading.default\">\n\t\t\t\t<div class=\"elementor-widget-container\">\n\t\t\t\t\t<h2 class=\"elementor-heading-title elementor-size-default\">Nuestras estrategias de prevenci\u00f3n<\/h2>\t\t\t\t<\/div>\n\t\t\t\t<\/div>\n\t\t\t\t<div class=\"elementor-element elementor-element-c6305ae elementor-widget elementor-widget-text-editor\" data-id=\"c6305ae\" data-element_type=\"widget\" data-widget_type=\"text-editor.default\">\n\t\t\t\t<div class=\"elementor-widget-container\">\n\t\t\t\t\t\t\t\t\t<ul><li data-start=\"984\" data-end=\"1091\"><p style=\"text-align: left;\" data-start=\"986\" data-end=\"1091\"><strong data-start=\"986\" data-end=\"1012\">Educaci\u00f3n y concientizaci\u00f3n:<\/strong> <span class=\"relative -mx-px my-[-0.2rem] rounded px-px py-[0.2rem] transition-colors duration-100 ease-in-out\">Realizar talleres y seminarios en escuelas, lugares de trabajo y centros comunitarios para educar sobre las relaciones saludables y los signos de abuso.<\/span><\/p><\/li><li style=\"text-align: left;\" data-start=\"1093\" data-end=\"1199\"><p data-start=\"1095\" data-end=\"1199\"><strong data-start=\"1095\" data-end=\"1120\">Participaci\u00f3n comunitaria:<\/strong> <span class=\"relative -mx-px my-[-0.2rem] rounded px-px py-[0.2rem] transition-colors duration-100 ease-in-out\">Colaborar con organizaciones locales para promover una cultura de no violencia y apoyo a los sobrevivientes.<\/span><\/p><\/li><li style=\"text-align: left;\" data-start=\"1201\" data-end=\"1301\"><p data-start=\"1203\" data-end=\"1301\"><strong data-start=\"1203\" data-end=\"1222\">Programas para j\u00f3venes:<\/strong> <span class=\"relative -mx-px my-[-0.2rem] rounded px-px py-[0.2rem] transition-colors duration-100 ease-in-out\">Implementando programas como <em data-start=\"27\" data-end=\"36\">verificar.<\/em> Involucrar a los j\u00f3venes adultos en debates sobre el respeto, el consentimiento y la din\u00e1mica de relaciones saludables.<\/span><span class=\"ms-1 inline-flex max-w-full items-center relative top-[-0.094rem] animate-[show_150ms_ease-in]\"><a class=\"flex h-4.5 overflow-hidden rounded-xl px-2 text-[0.5625em] font-medium text-token-text-secondary! bg-[#F4F4F4]! dark:bg-[#303030]! transition-colors duration-150 ease-in-out\" href=\"https:\/\/safecenter.org\/es\/verify\/?utm_source=chatgpt.com\" target=\"_blank\" rel=\"noopener\"><span class=\"relative start-0 bottom-0 flex h-full w-full items-center\"><span class=\"flex h-4 w-full items-center justify-between overflow-hidden\"><span class=\"max-w-full grow truncate overflow-hidden text-center\">Centro SAFE<\/span><\/span><\/span><\/a><\/span><\/p><\/li><li data-start=\"1303\" data-end=\"1420\"><p style=\"text-align: left;\" data-start=\"1305\" data-end=\"1420\"><strong data-start=\"1305\" data-end=\"1341\">Capacitaci\u00f3n en intervenci\u00f3n de transe\u00fantes:<\/strong> <span class=\"relative -mx-px my-[-0.2rem] rounded px-px py-[0.2rem] transition-colors duration-100 ease-in-out\">Ense\u00f1ar a los miembros de la comunidad c\u00f3mo intervenir de forma segura y prevenir posibles casos de abuso.<\/span><\/p><\/li><\/ul>\t\t\t\t\t\t\t\t<\/div>\n\t\t\t\t<\/div>\n\t\t\t\t<\/div>\n\t\t<div class=\"elementor-element elementor-element-aa3d179 e-con-full e-flex e-con e-child\" data-id=\"aa3d179\" data-element_type=\"container\">\n\t\t\t\t<div class=\"elementor-element elementor-element-c942859 elementor-widget elementor-widget-image\" data-id=\"c942859\" data-element_type=\"widget\" data-widget_type=\"image.default\">\n\t\t\t\t<div class=\"elementor-widget-container\">\n\t\t\t\t\t\t\t\t\t\t\t\t\t\t\t<img fetchpriority=\"high\" decoding=\"async\" width=\"1024\" height=\"1024\" src=\"https:\/\/safecenter.org\/wp-content\/uploads\/2025\/05\/green-dot-community-1024x1024.jpg\" class=\"attachment-large size-large wp-image-2732\" alt=\"\" srcset=\"https:\/\/safecenter.org\/wp-content\/uploads\/2025\/05\/green-dot-community-1024x1024.jpg 1024w, https:\/\/safecenter.org\/wp-content\/uploads\/2025\/05\/green-dot-community-300x300.jpg 300w, https:\/\/safecenter.org\/wp-content\/uploads\/2025\/05\/green-dot-community-150x150.jpg 150w, https:\/\/safecenter.org\/wp-content\/uploads\/2025\/05\/green-dot-community-768x768.jpg 768w, https:\/\/safecenter.org\/wp-content\/uploads\/2025\/05\/green-dot-community-1536x1536.jpg 1536w, https:\/\/safecenter.org\/wp-content\/uploads\/2025\/05\/green-dot-community.jpg 2048w\" sizes=\"(max-width: 1024px) 100vw, 1024px\">\t\t\t\t\t\t\t\t\t\t\t\t\t\t\t<\/div>\n\t\t\t\t<\/div>\n\t\t\t\t<\/div>\n\t\t\t\t\t<\/div>\n\t\t\t\t<\/div>\n\t\t<div class=\"elementor-element elementor-element-7541d7b e-flex e-con-boxed e-con e-parent\" data-id=\"7541d7b\" data-element_type=\"container\" data-settings=\"{&quot;background_background&quot;:&quot;classic&quot;}\">\n\t\t\t\t\t<div class=\"e-con-inner\">\n\t\t\t\t<div class=\"elementor-element elementor-element-96a645f elementor-widget__width-inherit elementor-widget elementor-widget-heading\" data-id=\"96a645f\" data-element_type=\"widget\" data-widget_type=\"heading.default\">\n\t\t\t\t<div class=\"elementor-widget-container\">\n\t\t\t\t\t<h2 class=\"elementor-heading-title elementor-size-default\">Nuestros programas<\/h2>\t\t\t\t<\/div>\n\t\t\t\t<\/div>\n\t\t\t\t\t<\/div>\n\t\t\t\t<\/div>\n\t\t<div class=\"elementor-element elementor-element-00a9cb9 e-flex e-con-boxed e-con e-parent\" data-id=\"00a9cb9\" data-element_type=\"container\">\n\t\t\t\t\t<div class=\"e-con-inner\">\n\t\t<div class=\"elementor-element elementor-element-0199afe e-con-full e-flex e-con e-child\" data-id=\"0199afe\" data-element_type=\"container\">\n\t\t\t\t<div class=\"elementor-element elementor-element-9cbf362 elementor-widget__width-initial elementor-widget elementor-widget-image\" data-id=\"9cbf362\" data-element_type=\"widget\" data-widget_type=\"image.default\">\n\t\t\t\t<div class=\"elementor-widget-container\">\n\t\t\t\t\t\t\t\t\t\t\t\t\t\t\t<img decoding=\"async\" width=\"1024\" height=\"650\" src=\"https:\/\/safecenter.org\/wp-content\/uploads\/2024\/01\/Verifylogo-01-2048x2048-1-e1706125312355-1024x650.png\" class=\"attachment-large size-large wp-image-430\" alt=\"blue verify logo\" srcset=\"https:\/\/safecenter.org\/wp-content\/uploads\/2024\/01\/Verifylogo-01-2048x2048-1-e1706125312355-1024x650.png 1024w, https:\/\/safecenter.org\/wp-content\/uploads\/2024\/01\/Verifylogo-01-2048x2048-1-e1706125312355-300x190.png 300w, https:\/\/safecenter.org\/wp-content\/uploads\/2024\/01\/Verifylogo-01-2048x2048-1-e1706125312355-768x488.png 768w, https:\/\/safecenter.org\/wp-content\/uploads\/2024\/01\/Verifylogo-01-2048x2048-1-e1706125312355-1536x975.png 1536w\" sizes=\"(max-width: 1024px) 100vw, 1024px\" \/>\t\t\t\t\t\t\t\t\t\t\t\t\t\t\t<\/div>\n\t\t\t\t<\/div>\n\t\t\t\t<div class=\"elementor-element elementor-element-b838ffe elementor-align-center elementor-widget__width-auto elementor-widget elementor-widget-button\" data-id=\"b838ffe\" data-element_type=\"widget\" data-widget_type=\"button.default\">\n\t\t\t\t<div class=\"elementor-widget-container\">\n\t\t\t\t\t\t\t\t\t<div class=\"elementor-button-wrapper\">\n\t\t\t\t\t<a class=\"elementor-button elementor-button-link elementor-size-md\" href=\"https:\/\/safecenter.org\/es\/verify\/\">\n\t\t\t\t\t\t<span class=\"elementor-button-content-wrapper\">\n\t\t\t\t\t\t\t\t\t<span class=\"elementor-button-text\">verificar. Recurso de prevenci\u00f3n<\/span>\n\t\t\t\t\t<\/span>\n\t\t\t\t\t<\/a>\n\t\t\t\t<\/div>\n\t\t\t\t\t\t\t\t<\/div>\n\t\t\t\t<\/div>\n\t\t\t\t<\/div>\n\t\t<div class=\"elementor-element elementor-element-25899bd e-con-full e-flex e-con e-child\" data-id=\"25899bd\" data-element_type=\"container\">\n\t\t\t\t<div class=\"elementor-element elementor-element-d7572f5 elementor-widget__width-initial elementor-widget elementor-widget-image\" data-id=\"d7572f5\" data-element_type=\"widget\" data-widget_type=\"image.default\">\n\t\t\t\t<div class=\"elementor-widget-container\">\n\t\t\t\t\t\t\t\t\t\t\t\t\t\t\t<img decoding=\"async\" width=\"500\" height=\"500\" src=\"https:\/\/safecenter.org\/wp-content\/uploads\/2025\/05\/Untitled-design-47.png\" class=\"attachment-full size-full wp-image-3192\" alt=\"\" srcset=\"https:\/\/safecenter.org\/wp-content\/uploads\/2025\/05\/Untitled-design-47.png 500w, https:\/\/safecenter.org\/wp-content\/uploads\/2025\/05\/Untitled-design-47-300x300.png 300w, https:\/\/safecenter.org\/wp-content\/uploads\/2025\/05\/Untitled-design-47-150x150.png 150w\" sizes=\"(max-width: 500px) 100vw, 500px\">\t\t\t\t\t\t\t\t\t\t\t\t\t\t\t<\/div>\n\t\t\t\t<\/div>\n\t\t\t\t<div class=\"elementor-element elementor-element-207537a elementor-widget elementor-widget-button\" data-id=\"207537a\" data-element_type=\"widget\" data-widget_type=\"button.default\">\n\t\t\t\t<div class=\"elementor-widget-container\">\n\t\t\t\t\t\t\t\t\t<div class=\"elementor-button-wrapper\">\n\t\t\t\t\t<a class=\"elementor-button elementor-button-link elementor-size-md\" href=\"https:\/\/safecenter.org\/es\/green-dot-kearney\/\">\n\t\t\t\t\t\t<span class=\"elementor-button-content-wrapper\">\n\t\t\t\t\t\t\t\t\t<span class=\"elementor-button-text\">Punto Verde Kearney<\/span>\n\t\t\t\t\t<\/span>\n\t\t\t\t\t<\/a>\n\t\t\t\t<\/div>\n\t\t\t\t\t\t\t\t<\/div>\n\t\t\t\t<\/div>\n\t\t\t\t<\/div>\n\t\t<div class=\"elementor-element elementor-element-befe0d7 e-con-full e-flex e-con e-child\" data-id=\"befe0d7\" data-element_type=\"container\">\n\t\t\t\t<div class=\"elementor-element elementor-element-c195c7a elementor-widget__width-initial elementor-widget elementor-widget-image\" data-id=\"c195c7a\" data-element_type=\"widget\" data-widget_type=\"image.default\">\n\t\t\t\t<div class=\"elementor-widget-container\">\n\t\t\t\t\t\t\t\t\t\t\t\t\t\t\t<img loading=\"lazy\" decoding=\"async\" width=\"500\" height=\"500\" src=\"https:\/\/safecenter.org\/wp-content\/uploads\/2024\/03\/Safe-Bars-Kearney.png\" class=\"attachment-large size-large wp-image-1249\" alt=\"\" srcset=\"https:\/\/safecenter.org\/wp-content\/uploads\/2024\/03\/Safe-Bars-Kearney.png 500w, https:\/\/safecenter.org\/wp-content\/uploads\/2024\/03\/Safe-Bars-Kearney-300x300.png 300w, https:\/\/safecenter.org\/wp-content\/uploads\/2024\/03\/Safe-Bars-Kearney-150x150.png 150w\" sizes=\"(max-width: 500px) 100vw, 500px\">\t\t\t\t\t\t\t\t\t\t\t\t\t\t\t<\/div>\n\t\t\t\t<\/div>\n\t\t\t\t<div class=\"elementor-element elementor-element-4e71826 elementor-align-center elementor-widget__width-initial elementor-widget elementor-widget-button\" data-id=\"4e71826\" data-element_type=\"widget\" data-widget_type=\"button.default\">\n\t\t\t\t<div class=\"elementor-widget-container\">\n\t\t\t\t\t\t\t\t\t<div class=\"elementor-button-wrapper\">\n\t\t\t\t\t<a class=\"elementor-button elementor-button-link elementor-size-md\" href=\"https:\/\/safecenter.org\/es\/safe-bar\/\">\n\t\t\t\t\t\t<span class=\"elementor-button-content-wrapper\">\n\t\t\t\t\t\t\t\t\t<span class=\"elementor-button-text\">Prevenci\u00f3n comunitaria de Safe Bars<\/span>\n\t\t\t\t\t<\/span>\n\t\t\t\t\t<\/a>\n\t\t\t\t<\/div>\n\t\t\t\t\t\t\t\t<\/div>\n\t\t\t\t<\/div>\n\t\t\t\t<\/div>\n\t\t\t\t\t<\/div>\n\t\t\t\t<\/div>\n\t\t<div class=\"elementor-element elementor-element-7c7204a e-flex e-con-boxed e-con e-parent\" data-id=\"7c7204a\" data-element_type=\"container\" data-settings=\"{&quot;background_background&quot;:&quot;classic&quot;}\">\n\t\t\t\t\t<div class=\"e-con-inner\">\n\t\t\t\t<div class=\"elementor-element elementor-element-96e3c71 elementor-widget__width-inherit elementor-widget elementor-widget-heading\" data-id=\"96e3c71\" data-element_type=\"widget\" data-widget_type=\"heading.default\">\n\t\t\t\t<div class=\"elementor-widget-container\">\n\t\t\t\t\t<h2 class=\"elementor-heading-title elementor-size-default\">Nuestro equipo trabaja para prevenir la violencia mediante:<\/h2>\t\t\t\t<\/div>\n\t\t\t\t<\/div>\n\t\t\t\t\t<\/div>\n\t\t\t\t<\/div>\n\t\t<div class=\"elementor-element elementor-element-77c9ca8 e-con-full e-flex e-con e-parent\" data-id=\"77c9ca8\" data-element_type=\"container\">\n\t\t\t\t<div class=\"elementor-element elementor-element-91927c2 elementor--h-position-right elementor--v-position-bottom elementor-arrows-position-inside elementor-pagination-position-inside elementor-widget elementor-widget-slides\" data-id=\"91927c2\" data-element_type=\"widget\" data-settings=\"{&quot;navigation&quot;:&quot;both&quot;,&quot;autoplay&quot;:&quot;yes&quot;,&quot;pause_on_hover&quot;:&quot;yes&quot;,&quot;pause_on_interaction&quot;:&quot;yes&quot;,&quot;autoplay_speed&quot;:5000,&quot;infinite&quot;:&quot;yes&quot;,&quot;transition&quot;:&quot;slide&quot;,&quot;transition_speed&quot;:500}\" data-widget_type=\"slides.default\">\n\t\t\t\t<div class=\"elementor-widget-container\">\n\t\t\t\t\t\t\t\t\t<div class=\"elementor-swiper\">\n\t\t\t\t\t<div class=\"elementor-slides-wrapper elementor-main-swiper swiper\" role=\"region\" aria-roledescription=\"carousel\" aria-label=\"Diapositivas\" dir=\"ltr\" data-animation=\"\">\n\t\t\t\t<div class=\"swiper-wrapper elementor-slides\">\n\t\t\t\t\t\t\t\t\t\t<div class=\"elementor-repeater-item-9967f10 swiper-slide\" role=\"group\" aria-roledescription=\"slide\"><div class=\"swiper-slide-bg\" role=\"img\" aria-label=\"iphone with social applications\"><\/div><div class=\"swiper-slide-inner\" ><div class=\"swiper-slide-contents\"><div class=\"elementor-slide-heading\">Promoci\u00f3n de mensajes de prevenci\u00f3n a trav\u00e9s de las redes sociales<\/div><div class=\"elementor-slide-description\">Publicamos material en Verify y en las redes sociales de The Safe Center. S\u00edguenos en Facebook e Instagram.<\/div><\/div><\/div><\/div><div class=\"elementor-repeater-item-f899182 swiper-slide\" role=\"group\" aria-roledescription=\"slide\"><div class=\"swiper-slide-bg\" role=\"img\" aria-label=\"457105776_540486721657926_7097120494248831447_n (1)\"><\/div><div class=\"swiper-slide-inner\" ><div class=\"swiper-slide-contents\"><div class=\"elementor-slide-heading\">Empoderar a los miembros de la comunidad para que tomen medidas que faciliten el cambio<\/div><div class=\"elementor-slide-description\">Nuestro objetivo es equipar a los miembros de la comunidad con las herramientas y los recursos que necesitan para prevenir la violencia y hacerse cargo de crear cambios positivos en sus propias vidas y comunidades.<\/div><\/div><\/div><\/div><div class=\"elementor-repeater-item-3a19098 swiper-slide\" role=\"group\" aria-roledescription=\"slide\"><div class=\"swiper-slide-bg\" role=\"img\" aria-label=\"20240617_203445\"><\/div><div class=\"swiper-slide-inner\" ><div class=\"swiper-slide-contents\"><div class=\"elementor-slide-heading\">Proporcionar educaci\u00f3n a j\u00f3venes y adultos j\u00f3venes<\/div><div class=\"elementor-slide-description\">Apoyamos a las escuelas y campus ofreciendo presentaciones y recursos que promueven la educaci\u00f3n, la concientizaci\u00f3n y la prevenci\u00f3n.<\/div><\/div><\/div><\/div><div class=\"elementor-repeater-item-8735c09 swiper-slide\" role=\"group\" aria-roledescription=\"slide\"><div class=\"swiper-slide-bg\" role=\"img\" aria-label=\"lopes up\"><\/div><div class=\"swiper-slide-inner\" ><div class=\"swiper-slide-contents\"><div class=\"elementor-slide-heading\">Proporcionar educaci\u00f3n preventiva a las organizaciones comunitarias<\/div><div class=\"elementor-slide-description\">Logramos esto mediante presentaciones atractivas, capacitaciones interactivas y mensajes espec\u00edficos.<\/div><\/div><\/div><\/div>\t\t\t\t<\/div>\n\t\t\t\t\t\t\t\t\t\t\t\t\t\t\t<div class=\"elementor-swiper-button elementor-swiper-button-prev\" role=\"button\" tabindex=\"0\" aria-label=\"Diapositiva anterior\" data-no-translation-aria-label=\"\">\n\t\t\t\t\t\t\t<svg aria-hidden=\"true\" class=\"e-font-icon-svg e-eicon-chevron-left\" viewbox=\"0 0 1000 1000\" xmlns=\"http:\/\/www.w3.org\/2000\/svg\"><path d=\"M646 125C629 125 613 133 604 142L308 442C296 454 292 471 292 487 292 504 296 521 308 533L604 854C617 867 629 875 646 875 663 875 679 871 692 858 704 846 713 829 713 812 713 796 708 779 692 767L438 487 692 225C700 217 708 204 708 187 708 171 704 154 692 142 675 129 663 125 646 125Z\"><\/path><\/svg>\t\t\t\t\t\t<\/div>\n\t\t\t\t\t\t<div class=\"elementor-swiper-button elementor-swiper-button-next\" role=\"button\" tabindex=\"0\" aria-label=\"Siguiente diapositiva\" data-no-translation-aria-label=\"\">\n\t\t\t\t\t\t\t<svg aria-hidden=\"true\" class=\"e-font-icon-svg e-eicon-chevron-right\" viewbox=\"0 0 1000 1000\" xmlns=\"http:\/\/www.w3.org\/2000\/svg\"><path d=\"M696 533C708 521 713 504 713 487 713 471 708 454 696 446L400 146C388 133 375 125 354 125 338 125 325 129 313 142 300 154 292 171 292 187 292 204 296 221 308 233L563 492 304 771C292 783 288 800 288 817 288 833 296 850 308 863 321 871 338 875 354 875 371 875 388 867 400 854L696 533Z\"><\/path><\/svg>\t\t\t\t\t\t<\/div>\n\t\t\t\t\t\t\t\t\t\t\t\t\t\t\t\t<div class=\"swiper-pagination\"><\/div>\n\t\t\t\t\t\t\t\t\t\t\t\t<\/div>\n\t\t\t\t<\/div>\n\t\t\t\t\t\t\t\t<\/div>\n\t\t\t\t<\/div>\n\t\t\t\t<\/div>\n\t\t<div class=\"elementor-element elementor-element-25ad354 e-flex e-con-boxed e-con e-parent\" data-id=\"25ad354\" data-element_type=\"container\">\n\t\t\t\t\t<div class=\"e-con-inner\">\n\t\t\t\t<div class=\"elementor-element elementor-element-4a272b7 elementor-widget elementor-widget-spacer\" data-id=\"4a272b7\" data-element_type=\"widget\" data-widget_type=\"spacer.default\">\n\t\t\t\t<div class=\"elementor-widget-container\">\n\t\t\t\t\t\t\t<div class=\"elementor-spacer\">\n\t\t\t<div class=\"elementor-spacer-inner\"><\/div>\n\t\t<\/div>\n\t\t\t\t\t\t<\/div>\n\t\t\t\t<\/div>\n\t\t\t\t\t<\/div>\n\t\t\t\t<\/div>\n\t\t\t\t<\/div>","protected":false},"excerpt":{"rendered":"<p>Prevenci\u00f3n. La prevenci\u00f3n es fundamental para nuestra misi\u00f3n. Al fomentar la concientizaci\u00f3n, la educaci\u00f3n y la participaci\u00f3n comunitaria, buscamos detener la violencia antes de que comience. Descubra c\u00f3mo nuestras iniciativas empoderan a las personas y a las comunidades para construir relaciones m\u00e1s seguras y saludables. Nuestras estrategias de prevenci\u00f3n: Educaci\u00f3n y concientizaci\u00f3n: Realizamos talleres y seminarios en escuelas, lugares de trabajo y centros comunitarios para educar\u2026<\/p>","protected":false},"author":1,"featured_media":0,"parent":0,"menu_order":0,"comment_status":"closed","ping_status":"closed","template":"","meta":{"_kad_post_transparent":"","_kad_post_title":"hide","_kad_post_layout":"fullwidth","_kad_post_sidebar_id":"","_kad_post_content_style":"unboxed","_kad_post_vertical_padding":"hide","_kad_post_feature":"hide","_kad_post_feature_position":"","_kad_post_header":false,"_kad_post_footer":false,"_kad_post_classname":"","footnotes":""},"class_list":["post-393","page","type-page","status-publish","hentry"],"_links":{"self":[{"href":"https:\/\/safecenter.org\/es\/wp-json\/wp\/v2\/pages\/393","targetHints":{"allow":["GET"]}}],"collection":[{"href":"https:\/\/safecenter.org\/es\/wp-json\/wp\/v2\/pages"}],"about":[{"href":"https:\/\/safecenter.org\/es\/wp-json\/wp\/v2\/types\/page"}],"author":[{"embeddable":true,"href":"https:\/\/safecenter.org\/es\/wp-json\/wp\/v2\/users\/1"}],"replies":[{"embeddable":true,"href":"https:\/\/safecenter.org\/es\/wp-json\/wp\/v2\/comments?post=393"}],"version-history":[{"count":175,"href":"https:\/\/safecenter.org\/es\/wp-json\/wp\/v2\/pages\/393\/revisions"}],"predecessor-version":[{"id":3229,"href":"https:\/\/safecenter.org\/es\/wp-json\/wp\/v2\/pages\/393\/revisions\/3229"}],"wp:attachment":[{"href":"https:\/\/safecenter.org\/es\/wp-json\/wp\/v2\/media?parent=393"}],"curies":[{"name":"gracias","href":"https:\/\/api.w.org\/{rel}","templated":true}]}}