{"id":526,"date":"2024-01-24T15:51:00","date_gmt":"2024-01-24T20:51:00","guid":{"rendered":"https:\/\/24f56f3954.nxcli.io\/?page_id=526"},"modified":"2024-08-13T08:48:49","modified_gmt":"2024-08-13T13:48:49","slug":"safe-bar","status":"publish","type":"page","link":"https:\/\/safecenter.org\/es\/safe-bar\/","title":{"rendered":"Barra SEGURA"},"content":{"rendered":"<div data-elementor-type=\"wp-page\" data-elementor-id=\"526\" class=\"elementor elementor-526\" data-elementor-post-type=\"page\">\n\t\t\t\t<div class=\"elementor-element elementor-element-feb23d1 e-flex e-con-boxed e-con e-parent\" data-id=\"feb23d1\" data-element_type=\"container\">\n\t\t\t\t\t<div class=\"e-con-inner\">\n\t\t\t\t<div class=\"elementor-element elementor-element-c74b3ea elementor-widget elementor-widget-image\" data-id=\"c74b3ea\" data-element_type=\"widget\" data-widget_type=\"image.default\">\n\t\t\t\t<div class=\"elementor-widget-container\">\n\t\t\t\t\t\t\t\t\t\t\t\t\t\t\t<img fetchpriority=\"high\" decoding=\"async\" width=\"300\" height=\"300\" src=\"https:\/\/safecenter.org\/wp-content\/uploads\/2024\/03\/Safe-Bars-Kearney-300x300.png\" class=\"attachment-medium size-medium wp-image-1249\" alt=\"\" srcset=\"https:\/\/safecenter.org\/wp-content\/uploads\/2024\/03\/Safe-Bars-Kearney-300x300.png 300w, https:\/\/safecenter.org\/wp-content\/uploads\/2024\/03\/Safe-Bars-Kearney-150x150.png 150w, https:\/\/safecenter.org\/wp-content\/uploads\/2024\/03\/Safe-Bars-Kearney.png 500w\" sizes=\"(max-width: 300px) 100vw, 300px\">\t\t\t\t\t\t\t\t\t\t\t\t\t\t\t<\/div>\n\t\t\t\t<\/div>\n\t\t\t\t\t<\/div>\n\t\t\t\t<\/div>\n\t\t<div class=\"elementor-element elementor-element-3730de5 e-con-full e-flex e-con e-parent\" data-id=\"3730de5\" data-element_type=\"container\">\n\t\t\t\t<div class=\"elementor-element elementor-element-a204198 elementor-widget__width-inherit elementor-widget elementor-widget-heading\" data-id=\"a204198\" data-element_type=\"widget\" data-widget_type=\"heading.default\">\n\t\t\t\t<div class=\"elementor-widget-container\">\n\t\t\t\t\t<h3 class=\"elementor-heading-title elementor-size-default\">Creando espacios seguros<\/h3>\t\t\t\t<\/div>\n\t\t\t\t<\/div>\n\t\t\t\t<\/div>\n\t\t<div class=\"elementor-element elementor-element-49b8285 e-flex e-con-boxed e-con e-parent\" data-id=\"49b8285\" data-element_type=\"container\">\n\t\t\t\t\t<div class=\"e-con-inner\">\n\t\t\t\t<div class=\"elementor-element elementor-element-2e7c8bd elementor-widget__width-inherit elementor-widget elementor-widget-image\" data-id=\"2e7c8bd\" data-element_type=\"widget\" data-widget_type=\"image.default\">\n\t\t\t\t<div class=\"elementor-widget-container\">\n\t\t\t\t\t\t\t\t\t\t\t\t\t\t\t<img decoding=\"async\" src=\"https:\/\/safecenter.org\/wp-content\/uploads\/2024\/07\/Safe-Bars-Pic.jpg\" title=\"Imagen de barras de seguridad\" alt=\"Safe Bars Pic\" loading=\"lazy\" \/>\t\t\t\t\t\t\t\t\t\t\t\t\t\t\t<\/div>\n\t\t\t\t<\/div>\n\t\t\t\t\t<\/div>\n\t\t\t\t<\/div>\n\t\t<div class=\"elementor-element elementor-element-5424ca5 e-flex e-con-boxed e-con e-parent\" data-id=\"5424ca5\" data-element_type=\"container\" data-settings=\"{&quot;background_background&quot;:&quot;classic&quot;}\">\n\t\t\t\t\t<div class=\"e-con-inner\">\n\t\t\t\t<div class=\"elementor-element elementor-element-d55538d elementor-widget__width-inherit elementor-widget elementor-widget-heading\" data-id=\"d55538d\" data-element_type=\"widget\" data-widget_type=\"heading.default\">\n\t\t\t\t<div class=\"elementor-widget-container\">\n\t\t\t\t\t<h3 class=\"elementor-heading-title elementor-size-default\">Misi\u00f3n de Barras Seguras<\/h3>\t\t\t\t<\/div>\n\t\t\t\t<\/div>\n\t\t\t\t<div class=\"elementor-element elementor-element-8a5a946 elementor-widget__width-inherit elementor-widget elementor-widget-heading\" data-id=\"8a5a946\" data-element_type=\"widget\" data-widget_type=\"heading.default\">\n\t\t\t\t<div class=\"elementor-widget-container\">\n\t\t\t\t\t<h3 class=\"elementor-heading-title elementor-size-default\">La misi\u00f3n de Safe Bars es ayudar a los espacios donde se sirve alcohol a crear entornos seguros, acogedores y respetuosos para todos.<\/h3>\t\t\t\t<\/div>\n\t\t\t\t<\/div>\n\t\t\t\t<div class=\"elementor-element elementor-element-1803215 elementor-widget__width-inherit elementor-widget elementor-widget-heading\" data-id=\"1803215\" data-element_type=\"widget\" data-widget_type=\"heading.default\">\n\t\t\t\t<div class=\"elementor-widget-container\">\n\t\t\t\t\t<h3 class=\"elementor-heading-title elementor-size-default\">\u00bfQu\u00e9 es Safe Bars?<\/h3>\t\t\t\t<\/div>\n\t\t\t\t<\/div>\n\t\t\t\t<div class=\"elementor-element elementor-element-09d4825 elementor-widget__width-inherit elementor-widget elementor-widget-heading\" data-id=\"09d4825\" data-element_type=\"widget\" data-widget_type=\"heading.default\">\n\t\t\t\t<div class=\"elementor-widget-container\">\n\t\t\t\t\t<h3 class=\"elementor-heading-title elementor-size-default\">Safe Bars es un programa de capacitaci\u00f3n que capacita al personal de hospitalidad para detener la agresi\u00f3n sexual y otras formas de violencia de g\u00e9nero ense\u00f1\u00e1ndoles habilidades de testigo activo, para que sepan c\u00f3mo intervenir de manera segura y eficaz.<\/h3>\t\t\t\t<\/div>\n\t\t\t\t<\/div>\n\t\t\t\t\t<\/div>\n\t\t\t\t<\/div>\n\t\t<div class=\"elementor-element elementor-element-569a31c e-flex e-con-boxed e-con e-parent\" data-id=\"569a31c\" data-element_type=\"container\">\n\t\t\t\t\t<div class=\"e-con-inner\">\n\t\t<div class=\"elementor-element elementor-element-1466c9b e-con-full e-flex e-con e-child\" data-id=\"1466c9b\" data-element_type=\"container\">\n\t\t\t\t<div class=\"elementor-element elementor-element-924a460 elementor-widget__width-inherit elementor-widget elementor-widget-heading\" data-id=\"924a460\" data-element_type=\"widget\" data-widget_type=\"heading.default\">\n\t\t\t\t<div class=\"elementor-widget-container\">\n\t\t\t\t\t<h3 class=\"elementor-heading-title elementor-size-default\">\u00bfPor qu\u00e9 barras seguras?<\/h3>\t\t\t\t<\/div>\n\t\t\t\t<\/div>\n\t\t\t\t<\/div>\n\t\t<div class=\"elementor-element elementor-element-239218c e-con-full e-flex e-con e-child\" data-id=\"239218c\" data-element_type=\"container\">\n\t\t\t\t<div class=\"elementor-element elementor-element-01b811e elementor-widget__width-inherit elementor-widget elementor-widget-heading\" data-id=\"01b811e\" data-element_type=\"widget\" data-widget_type=\"heading.default\">\n\t\t\t\t<div class=\"elementor-widget-container\">\n\t\t\t\t\t<h3 class=\"elementor-heading-title elementor-size-default\">\u00bfPor qu\u00e9 la hospitalidad?<\/h3>\t\t\t\t<\/div>\n\t\t\t\t<\/div>\n\t\t\t\t<\/div>\n\t\t<div class=\"elementor-element elementor-element-7bd1e49 e-con-full e-flex e-con e-child\" data-id=\"7bd1e49\" data-element_type=\"container\">\n\t\t\t\t<div class=\"elementor-element elementor-element-3901b73 elementor-widget elementor-widget-text-editor\" data-id=\"3901b73\" data-element_type=\"widget\" data-widget_type=\"text-editor.default\">\n\t\t\t\t<div class=\"elementor-widget-container\">\n\t\t\t\t\t\t\t\t\t<p>La agresi\u00f3n sexual no deseada es com\u00fan, y los trabajadores que reciben propinas tienen mayor probabilidad de sufrir acoso que quienes no las reciben. La capacitaci\u00f3n busca fortalecer su confianza y empoderarlos para responder eficazmente en estas situaciones.<\/p>\t\t\t\t\t\t\t\t<\/div>\n\t\t\t\t<\/div>\n\t\t\t\t<\/div>\n\t\t<div class=\"elementor-element elementor-element-79c81a4 e-con-full e-flex e-con e-child\" data-id=\"79c81a4\" data-element_type=\"container\">\n\t\t\t\t<div class=\"elementor-element elementor-element-688f3d5 elementor-widget elementor-widget-text-editor\" data-id=\"688f3d5\" data-element_type=\"widget\" data-widget_type=\"text-editor.default\">\n\t\t\t\t<div class=\"elementor-widget-container\">\n\t\t\t\t\t\t\t\t\t<p>Los b\u00e1rmanes, meseros y dem\u00e1s personal de la industria hotelera se encuentran en una posici\u00f3n privilegiada para generar un impacto positivo. Al ense\u00f1arles habilidades de intervenci\u00f3n, pueden reconocer una situaci\u00f3n potencialmente perjudicial y responder de forma que influya positivamente en el resultado.<\/p>\t\t\t\t\t\t\t\t<\/div>\n\t\t\t\t<\/div>\n\t\t\t\t<\/div>\n\t\t\t\t\t<\/div>\n\t\t\t\t<\/div>\n\t\t<div class=\"elementor-element elementor-element-b2b1b94 e-flex e-con-boxed e-con e-parent\" data-id=\"b2b1b94\" data-element_type=\"container\">\n\t\t\t\t\t<div class=\"e-con-inner\">\n\t\t\t\t<div class=\"elementor-element elementor-element-267cf10 elementor--h-position-center elementor--v-position-middle elementor-arrows-position-inside elementor-pagination-position-inside elementor-widget elementor-widget-slides\" data-id=\"267cf10\" data-element_type=\"widget\" data-settings=\"{&quot;navigation&quot;:&quot;both&quot;,&quot;autoplay&quot;:&quot;yes&quot;,&quot;pause_on_hover&quot;:&quot;yes&quot;,&quot;pause_on_interaction&quot;:&quot;yes&quot;,&quot;autoplay_speed&quot;:5000,&quot;infinite&quot;:&quot;yes&quot;,&quot;transition&quot;:&quot;slide&quot;,&quot;transition_speed&quot;:500}\" data-widget_type=\"slides.default\">\n\t\t\t\t<div class=\"elementor-widget-container\">\n\t\t\t\t\t\t\t\t\t<div class=\"elementor-swiper\">\n\t\t\t\t\t<div class=\"elementor-slides-wrapper elementor-main-swiper swiper\" role=\"region\" aria-roledescription=\"carousel\" aria-label=\"Diapositivas\" dir=\"ltr\" data-animation=\"fadeInUp\">\n\t\t\t\t<div class=\"swiper-wrapper elementor-slides\">\n\t\t\t\t\t\t\t\t\t\t<div class=\"elementor-repeater-item-1393577 swiper-slide\" role=\"group\" aria-roledescription=\"slide\"><div class=\"swiper-slide-bg\" role=\"img\" aria-label=\"20240724_180226\"><\/div><div class=\"swiper-slide-inner\" ><div class=\"swiper-slide-contents\"><\/div><\/div><\/div><div class=\"elementor-repeater-item-f72a28e swiper-slide\" role=\"group\" aria-roledescription=\"slide\"><div class=\"swiper-slide-bg\" role=\"img\" aria-label=\"20240617_182912\"><\/div><div class=\"swiper-slide-inner\" ><div class=\"swiper-slide-contents\"><\/div><\/div><\/div><div class=\"elementor-repeater-item-a22a2c5 swiper-slide\" role=\"group\" aria-roledescription=\"slide\"><div class=\"swiper-slide-bg\" role=\"img\" aria-label=\"20240617_203445\"><\/div><div class=\"swiper-slide-inner\" ><div class=\"swiper-slide-contents\"><\/div><\/div><\/div><div class=\"elementor-repeater-item-ed64862 swiper-slide\" role=\"group\" aria-roledescription=\"slide\"><div class=\"swiper-slide-bg\" role=\"img\" aria-label=\"NVY Training 12.10.23 (2) (003)\"><\/div><div class=\"swiper-slide-inner\" ><div class=\"swiper-slide-contents\"><\/div><\/div><\/div>\t\t\t\t<\/div>\n\t\t\t\t\t\t\t\t\t\t\t\t\t\t\t<div class=\"elementor-swiper-button elementor-swiper-button-prev\" role=\"button\" tabindex=\"0\" aria-label=\"Diapositiva anterior\">\n\t\t\t\t\t\t\t<svg aria-hidden=\"true\" class=\"e-font-icon-svg e-eicon-chevron-left\" viewbox=\"0 0 1000 1000\" xmlns=\"http:\/\/www.w3.org\/2000\/svg\"><path d=\"M646 125C629 125 613 133 604 142L308 442C296 454 292 471 292 487 292 504 296 521 308 533L604 854C617 867 629 875 646 875 663 875 679 871 692 858 704 846 713 829 713 812 713 796 708 779 692 767L438 487 692 225C700 217 708 204 708 187 708 171 704 154 692 142 675 129 663 125 646 125Z\"><\/path><\/svg>\t\t\t\t\t\t<\/div>\n\t\t\t\t\t\t<div class=\"elementor-swiper-button elementor-swiper-button-next\" role=\"button\" tabindex=\"0\" aria-label=\"Siguiente diapositiva\">\n\t\t\t\t\t\t\t<svg aria-hidden=\"true\" class=\"e-font-icon-svg e-eicon-chevron-right\" viewbox=\"0 0 1000 1000\" xmlns=\"http:\/\/www.w3.org\/2000\/svg\"><path d=\"M696 533C708 521 713 504 713 487 713 471 708 454 696 446L400 146C388 133 375 125 354 125 338 125 325 129 313 142 300 154 292 171 292 187 292 204 296 221 308 233L563 492 304 771C292 783 288 800 288 817 288 833 296 850 308 863 321 871 338 875 354 875 371 875 388 867 400 854L696 533Z\"><\/path><\/svg>\t\t\t\t\t\t<\/div>\n\t\t\t\t\t\t\t\t\t\t\t\t\t\t\t\t<div class=\"swiper-pagination\"><\/div>\n\t\t\t\t\t\t\t\t\t\t\t\t<\/div>\n\t\t\t\t<\/div>\n\t\t\t\t\t\t\t\t<\/div>\n\t\t\t\t<\/div>\n\t\t\t\t\t<\/div>\n\t\t\t\t<\/div>\n\t\t<div class=\"elementor-element elementor-element-359403d e-flex e-con-boxed e-con e-parent\" data-id=\"359403d\" data-element_type=\"container\" data-settings=\"{&quot;background_background&quot;:&quot;classic&quot;}\">\n\t\t\t\t\t<div class=\"e-con-inner\">\n\t\t\t\t<div class=\"elementor-element elementor-element-d9fa817 elementor-widget__width-inherit elementor-widget elementor-widget-heading\" data-id=\"d9fa817\" data-element_type=\"widget\" data-widget_type=\"heading.default\">\n\t\t\t\t<div class=\"elementor-widget-container\">\n\t\t\t\t\t<h3 class=\"elementor-heading-title elementor-size-default\">\u00bfPor qu\u00e9 unirse a la comunidad de Safe Bars?<\/h3>\t\t\t\t<\/div>\n\t\t\t\t<\/div>\n\t\t\t\t<div class=\"elementor-element elementor-element-773d684 elementor-widget__width-initial elementor-widget-mobile__width-inherit elementor-widget elementor-widget-text-editor\" data-id=\"773d684\" data-element_type=\"widget\" data-widget_type=\"text-editor.default\">\n\t\t\t\t<div class=\"elementor-widget-container\">\n\t\t\t\t\t\t\t\t\t<ul><li>Aumentar la comprensi\u00f3n de qu\u00e9 tan com\u00fan es la agresi\u00f3n sexual no deseada y por qu\u00e9 ocurre.<\/li><li>Capacitar al personal para reconocer comportamientos no deseados e intervenir de manera segura y apropiada.<\/li><li>Ense\u00f1e al personal c\u00f3mo responder eficazmente si surge una situaci\u00f3n.<\/li><\/ul><ul><li style=\"list-style-type: none;\">\u00a0<\/li><\/ul>\t\t\t\t\t\t\t\t<\/div>\n\t\t\t\t<\/div>\n\t\t\t\t<div class=\"elementor-element elementor-element-a62aa8b elementor-widget__width-inherit elementor-widget elementor-widget-heading\" data-id=\"a62aa8b\" data-element_type=\"widget\" data-widget_type=\"heading.default\">\n\t\t\t\t<div class=\"elementor-widget-container\">\n\t\t\t\t\t<h3 class=\"elementor-heading-title elementor-size-default\">\u00bfQu\u00e9 hay en esto para usted?<\/h3>\t\t\t\t<\/div>\n\t\t\t\t<\/div>\n\t\t\t\t<div class=\"elementor-element elementor-element-9ec5efe elementor-widget elementor-widget-text-editor\" data-id=\"9ec5efe\" data-element_type=\"widget\" data-widget_type=\"text-editor.default\">\n\t\t\t\t<div class=\"elementor-widget-container\">\n\t\t\t\t\t\t\t\t\t<ul><li>Fomentar la satisfacci\u00f3n y la fidelizaci\u00f3n del cliente.<\/li><li>Es m\u00e1s probable que los hu\u00e9spedes regresen.<\/li><li>Los lugares de trabajo seguros y respetuosos significan menos rotaci\u00f3n de personal.<\/li><li>\u00a1Safe Bars es bueno para el resultado final!<\/li><\/ul>\t\t\t\t\t\t\t\t<\/div>\n\t\t\t\t<\/div>\n\t\t\t\t\t<\/div>\n\t\t\t\t<\/div>\n\t\t<div class=\"elementor-element elementor-element-28c21a4 e-flex e-con-boxed e-con e-parent\" data-id=\"28c21a4\" data-element_type=\"container\">\n\t\t\t\t\t<div class=\"e-con-inner\">\n\t\t\t\t<div class=\"elementor-element elementor-element-f2025eb elementor-widget elementor-widget-heading\" data-id=\"f2025eb\" data-element_type=\"widget\" data-widget_type=\"heading.default\">\n\t\t\t\t<div class=\"elementor-widget-container\">\n\t\t\t\t\t<h2 class=\"elementor-heading-title elementor-size-default\">Bares seguros en nuestra comunidad<\/h2>\t\t\t\t<\/div>\n\t\t\t\t<\/div>\n\t\t\t\t\t<\/div>\n\t\t\t\t<\/div>\n\t\t<div class=\"elementor-element elementor-element-f2cedf3 e-flex e-con-boxed e-con e-parent\" data-id=\"f2cedf3\" data-element_type=\"container\">\n\t\t\t\t\t<div class=\"e-con-inner\">\n\t\t<div class=\"elementor-element elementor-element-548b45b e-con-full e-flex e-con e-child\" data-id=\"548b45b\" data-element_type=\"container\">\n\t\t\t\t<div class=\"elementor-element elementor-element-c2ca8ef elementor-widget elementor-widget-image\" data-id=\"c2ca8ef\" data-element_type=\"widget\" data-widget_type=\"image.default\">\n\t\t\t\t<div class=\"elementor-widget-container\">\n\t\t\t\t\t\t\t\t\t\t\t\t\t\t\t\t<a href=\"https:\/\/www.nvybarcigarlounge.com\/\" target=\"_blank\" rel=\"noopener\">\n\t\t\t\t\t\t\t<img decoding=\"async\" width=\"768\" height=\"593\" src=\"https:\/\/safecenter.org\/wp-content\/uploads\/2024\/08\/NVY-768x593.jpg\" class=\"attachment-medium_large size-medium_large wp-image-2090\" alt=\"\" srcset=\"https:\/\/safecenter.org\/wp-content\/uploads\/2024\/08\/NVY-768x593.jpg 768w, https:\/\/safecenter.org\/wp-content\/uploads\/2024\/08\/NVY-300x232.jpg 300w, https:\/\/safecenter.org\/wp-content\/uploads\/2024\/08\/NVY-1024x791.jpg 1024w, https:\/\/safecenter.org\/wp-content\/uploads\/2024\/08\/NVY.jpg 1080w\" sizes=\"(max-width: 768px) 100vw, 768px\">\t\t\t\t\t\t\t\t<\/a>\n\t\t\t\t\t\t\t\t\t\t\t\t\t\t\t<\/div>\n\t\t\t\t<\/div>\n\t\t\t\t<\/div>\n\t\t<div class=\"elementor-element elementor-element-ecc6d49 e-con-full e-flex e-con e-child\" data-id=\"ecc6d49\" data-element_type=\"container\">\n\t\t\t\t<div class=\"elementor-element elementor-element-201a990 elementor-widget elementor-widget-image\" data-id=\"201a990\" data-element_type=\"widget\" data-widget_type=\"image.default\">\n\t\t\t\t<div class=\"elementor-widget-container\">\n\t\t\t\t\t\t\t\t\t\t\t\t\t\t\t\t<a href=\"https:\/\/tgrkearney.com\/\" target=\"_blank\" rel=\"noopener\">\n\t\t\t\t\t\t\t<img decoding=\"async\" width=\"768\" height=\"644\" src=\"https:\/\/safecenter.org\/wp-content\/uploads\/2024\/08\/The-Game-Room-768x644.jpg\" class=\"attachment-medium_large size-medium_large wp-image-2092\" alt=\"\" srcset=\"https:\/\/safecenter.org\/wp-content\/uploads\/2024\/08\/The-Game-Room-768x644.jpg 768w, https:\/\/safecenter.org\/wp-content\/uploads\/2024\/08\/The-Game-Room-300x251.jpg 300w, https:\/\/safecenter.org\/wp-content\/uploads\/2024\/08\/The-Game-Room.jpg 940w\" sizes=\"(max-width: 768px) 100vw, 768px\">\t\t\t\t\t\t\t\t<\/a>\n\t\t\t\t\t\t\t\t\t\t\t\t\t\t\t<\/div>\n\t\t\t\t<\/div>\n\t\t\t\t<\/div>\n\t\t\t\t\t<\/div>\n\t\t\t\t<\/div>\n\t\t<div class=\"elementor-element elementor-element-0460ddb e-flex e-con-boxed e-con e-parent\" data-id=\"0460ddb\" data-element_type=\"container\" data-settings=\"{&quot;background_background&quot;:&quot;classic&quot;}\">\n\t\t\t\t\t<div class=\"e-con-inner\">\n\t\t\t\t<div class=\"elementor-element elementor-element-c0593f1 elementor-widget__width-inherit elementor-widget elementor-widget-heading\" data-id=\"c0593f1\" data-element_type=\"widget\" data-widget_type=\"heading.default\">\n\t\t\t\t<div class=\"elementor-widget-container\">\n\t\t\t\t\t<h3 class=\"elementor-heading-title elementor-size-default\">\u00a1Para formar parte de la comunidad Safe Bars o para obtener m\u00e1s informaci\u00f3n sobre Safe Bars, haga clic en el enlace a continuaci\u00f3n!<\/h3>\t\t\t\t<\/div>\n\t\t\t\t<\/div>\n\t\t\t\t<div class=\"elementor-element elementor-element-d8bc92b elementor-align-center elementor-widget elementor-widget-button\" data-id=\"d8bc92b\" data-element_type=\"widget\" data-widget_type=\"button.default\">\n\t\t\t\t<div class=\"elementor-widget-container\">\n\t\t\t\t\t\t\t\t\t<div class=\"elementor-button-wrapper\">\n\t\t\t\t\t<a class=\"elementor-button elementor-button-link elementor-size-sm\" href=\"https:\/\/forms.office.com\/r\/321FnPPhEX\" target=\"_blank\" rel=\"noopener\">\n\t\t\t\t\t\t<span class=\"elementor-button-content-wrapper\">\n\t\t\t\t\t\t\t\t\t<span class=\"elementor-button-text\">haga clic aqu\u00ed<\/span>\n\t\t\t\t\t<\/span>\n\t\t\t\t\t<\/a>\n\t\t\t\t<\/div>\n\t\t\t\t\t\t\t\t<\/div>\n\t\t\t\t<\/div>\n\t\t\t\t\t<\/div>\n\t\t\t\t<\/div>\n\t\t<div class=\"elementor-element elementor-element-5c5534f e-flex e-con-boxed e-con e-parent\" data-id=\"5c5534f\" data-element_type=\"container\">\n\t\t\t\t\t<div class=\"e-con-inner\">\n\t\t\t\t\t<\/div>\n\t\t\t\t<\/div>\n\t\t\t\t<\/div>","protected":false},"excerpt":{"rendered":"<p>Creando Espacios Seguros. La Misi\u00f3n de Safe Bars es ayudar a los espacios donde se sirve alcohol a crear entornos seguros, acogedores y respetuosos para todos. \u00bfQu\u00e9 es Safe Bars? Safe Bars es un programa de capacitaci\u00f3n que capacita al personal de hosteler\u00eda para prevenir la agresi\u00f3n sexual y otras formas de violencia de g\u00e9nero, ense\u00f1\u00e1ndoles habilidades de testigos activos, para que sepan c\u00f3mo\u2026<\/p>","protected":false},"author":1,"featured_media":0,"parent":0,"menu_order":0,"comment_status":"closed","ping_status":"closed","template":"","meta":{"_kad_post_transparent":"","_kad_post_title":"hide","_kad_post_layout":"fullwidth","_kad_post_sidebar_id":"","_kad_post_content_style":"unboxed","_kad_post_vertical_padding":"hide","_kad_post_feature":"hide","_kad_post_feature_position":"","_kad_post_header":false,"_kad_post_footer":false,"_kad_post_classname":"","footnotes":""},"class_list":["post-526","page","type-page","status-publish","hentry"],"_links":{"self":[{"href":"https:\/\/safecenter.org\/es\/wp-json\/wp\/v2\/pages\/526","targetHints":{"allow":["GET"]}}],"collection":[{"href":"https:\/\/safecenter.org\/es\/wp-json\/wp\/v2\/pages"}],"about":[{"href":"https:\/\/safecenter.org\/es\/wp-json\/wp\/v2\/types\/page"}],"author":[{"embeddable":true,"href":"https:\/\/safecenter.org\/es\/wp-json\/wp\/v2\/users\/1"}],"replies":[{"embeddable":true,"href":"https:\/\/safecenter.org\/es\/wp-json\/wp\/v2\/comments?post=526"}],"version-history":[{"count":178,"href":"https:\/\/safecenter.org\/es\/wp-json\/wp\/v2\/pages\/526\/revisions"}],"predecessor-version":[{"id":2117,"href":"https:\/\/safecenter.org\/es\/wp-json\/wp\/v2\/pages\/526\/revisions\/2117"}],"wp:attachment":[{"href":"https:\/\/safecenter.org\/es\/wp-json\/wp\/v2\/media?parent=526"}],"curies":[{"name":"gracias","href":"https:\/\/api.w.org\/{rel}","templated":true}]}}