{"id":585,"date":"2024-01-24T16:21:10","date_gmt":"2024-01-24T21:21:10","guid":{"rendered":"https:\/\/24f56f3954.nxcli.io\/?page_id=585"},"modified":"2025-05-30T14:40:02","modified_gmt":"2025-05-30T19:40:02","slug":"dating-violence","status":"publish","type":"page","link":"https:\/\/safecenter.org\/es\/dating-violence\/","title":{"rendered":"Violencia en el noviazgo"},"content":{"rendered":"<div data-elementor-type=\"wp-page\" data-elementor-id=\"585\" class=\"elementor elementor-585\" data-elementor-post-type=\"page\">\n\t\t\t\t<div class=\"elementor-element elementor-element-3f571c4 e-con-full e-flex e-con e-parent\" data-id=\"3f571c4\" data-element_type=\"container\" data-e-type=\"container\" data-settings=\"{&quot;background_background&quot;:&quot;gradient&quot;}\">\n\t\t<div class=\"elementor-element elementor-element-778203a e-flex e-con-boxed e-con e-child\" data-id=\"778203a\" data-element_type=\"container\" data-e-type=\"container\">\n\t\t\t\t\t<div class=\"e-con-inner\">\n\t\t<div class=\"elementor-element elementor-element-bbed45e e-flex e-con-boxed e-con e-child\" data-id=\"bbed45e\" data-element_type=\"container\" data-e-type=\"container\" data-settings=\"{&quot;background_background&quot;:&quot;classic&quot;}\">\n\t\t\t\t\t<div class=\"e-con-inner\">\n\t\t\t\t<div class=\"elementor-element elementor-element-4ce17d0 elementor-widget elementor-widget-heading\" data-id=\"4ce17d0\" data-element_type=\"widget\" data-e-type=\"widget\" data-widget_type=\"heading.default\">\n\t\t\t\t<div class=\"elementor-widget-container\">\n\t\t\t\t\t<h1 class=\"elementor-heading-title elementor-size-default\">Violencia en el noviazgo<\/h1>\t\t\t\t<\/div>\n\t\t\t\t<\/div>\n\t\t\t\t\t<\/div>\n\t\t\t\t<\/div>\n\t\t\t\t\t<\/div>\n\t\t\t\t<\/div>\n\t\t\t\t<\/div>\n\t\t<div class=\"elementor-element elementor-element-384888c e-flex e-con-boxed e-con e-parent\" data-id=\"384888c\" data-element_type=\"container\" data-e-type=\"container\">\n\t\t\t\t\t<div class=\"e-con-inner\">\n\t\t\t\t<div class=\"elementor-element elementor-element-02fea4e elementor-widget elementor-widget-spacer\" data-id=\"02fea4e\" data-element_type=\"widget\" data-e-type=\"widget\" data-widget_type=\"spacer.default\">\n\t\t\t\t<div class=\"elementor-widget-container\">\n\t\t\t\t\t\t\t<div class=\"elementor-spacer\">\n\t\t\t<div class=\"elementor-spacer-inner\"><\/div>\n\t\t<\/div>\n\t\t\t\t\t\t<\/div>\n\t\t\t\t<\/div>\n\t\t\t\t\t<\/div>\n\t\t\t\t<\/div>\n\t\t<div class=\"elementor-element elementor-element-b64c559 e-con-full e-flex e-con e-parent\" data-id=\"b64c559\" data-element_type=\"container\" data-e-type=\"container\">\n\t\t<div class=\"elementor-element elementor-element-25b4573 e-con-full e-flex e-con e-child\" data-id=\"25b4573\" data-element_type=\"container\" data-e-type=\"container\">\n\t\t\t\t<div class=\"elementor-element elementor-element-b724d84 elementor-widget-mobile__width-initial elementor-widget elementor-widget-text-editor\" data-id=\"b724d84\" data-element_type=\"widget\" data-e-type=\"widget\" data-widget_type=\"text-editor.default\">\n\t\t\t\t<div class=\"elementor-widget-container\">\n\t\t\t\t\t\t\t\t\t<p data-start=\"164\" data-end=\"361\"><strong data-start=\"164\" data-end=\"183\">Violencia en el noviazgo<\/strong> Es un patr\u00f3n de comportamiento abusivo, que incluye abuso f\u00edsico, emocional, financiero o sexual, utilizado para obtener poder y control sobre una pareja en una relaci\u00f3n casual o seria.<\/p><p data-start=\"363\" data-end=\"565\">Cualquier persona puede sufrir violencia en el noviazgo. Afecta a personas de todos los g\u00e9neros, edades, razas, religiones, capacidades, orientaciones sexuales y niveles socioecon\u00f3micos. <strong data-start=\"523\" data-end=\"565\">La violencia en el noviazgo no discrimina.<\/strong><\/p><p data-start=\"567\" data-end=\"776\">El abuso no siempre es f\u00edsico. La manipulaci\u00f3n emocional, el control financiero, la coerci\u00f3n y la presi\u00f3n psicol\u00f3gica tambi\u00e9n son formas de abuso, y son igual de graves. <strong data-start=\"732\" data-end=\"776\">Nadie merece ser abusado de ninguna manera.<\/strong><\/p><p data-start=\"778\" data-end=\"951\">Si usted o alguien que conoce est\u00e1 sufriendo violencia en el noviazgo, no espere. <strong data-start=\"850\" data-end=\"894\">Estamos aqu\u00ed para escuchar, apoyar y ayudar.<\/strong><\/p><p data-start=\"778\" data-end=\"951\">\ud83d\udcde Llama a nuestra l\u00ednea confidencial 24\/7: <strong data-start=\"933\" data-end=\"951\">1-877-237-2513<\/strong><\/p>\t\t\t\t\t\t\t\t<\/div>\n\t\t\t\t<\/div>\n\t\t\t\t<\/div>\n\t\t<div class=\"elementor-element elementor-element-59ed39a e-con-full e-flex e-con e-child\" data-id=\"59ed39a\" data-element_type=\"container\" data-e-type=\"container\" data-settings=\"{&quot;background_background&quot;:&quot;classic&quot;}\">\n\t\t\t\t<\/div>\n\t\t\t\t<\/div>\n\t\t<div class=\"elementor-element elementor-element-dff1648 e-flex e-con-boxed e-con e-parent\" data-id=\"dff1648\" data-element_type=\"container\" data-e-type=\"container\">\n\t\t\t\t\t<div class=\"e-con-inner\">\n\t\t\t\t<div class=\"elementor-element elementor-element-78c357e elementor-widget-divider--view-line elementor-widget elementor-widget-divider\" data-id=\"78c357e\" data-element_type=\"widget\" data-e-type=\"widget\" data-widget_type=\"divider.default\">\n\t\t\t\t<div class=\"elementor-widget-container\">\n\t\t\t\t\t\t\t<div class=\"elementor-divider\">\n\t\t\t<span class=\"elementor-divider-separator\">\n\t\t\t\t\t\t<\/span>\n\t\t<\/div>\n\t\t\t\t\t\t<\/div>\n\t\t\t\t<\/div>\n\t\t\t\t\t<\/div>\n\t\t\t\t<\/div>\n\t\t<div class=\"elementor-element elementor-element-13ee933 e-con-full e-flex e-con e-parent\" data-id=\"13ee933\" data-element_type=\"container\" data-e-type=\"container\">\n\t\t<div class=\"elementor-element elementor-element-c2f945d e-con-full e-flex e-con e-child\" data-id=\"c2f945d\" data-element_type=\"container\" data-e-type=\"container\" data-settings=\"{&quot;background_background&quot;:&quot;classic&quot;}\">\n\t\t\t\t<div class=\"elementor-element elementor-element-5c3a72e elementor-widget elementor-widget-heading\" data-id=\"5c3a72e\" data-element_type=\"widget\" data-e-type=\"widget\" data-widget_type=\"heading.default\">\n\t\t\t\t<div class=\"elementor-widget-container\">\n\t\t\t\t\t<h2 class=\"elementor-heading-title elementor-size-default\">Se\u00f1ales de violencia en el noviazgo<\/h2>\t\t\t\t<\/div>\n\t\t\t\t<\/div>\n\t\t\t\t<div class=\"elementor-element elementor-element-57784dc elementor-widget__width-initial elementor-widget elementor-widget-text-editor\" data-id=\"57784dc\" data-element_type=\"widget\" data-e-type=\"widget\" data-widget_type=\"text-editor.default\">\n\t\t\t\t<div class=\"elementor-widget-container\">\n\t\t\t\t\t\t\t\t\t<ul><li class=\"p1\" style=\"text-align: left;\">Abuso f\u00edsico, incluyendo golpes, bofetadas, mordeduras, patadas y empujones.<\/li><li class=\"p1\">Te dice que no pueden vivir sin ti.<\/li><li class=\"p1\">Amenaza con hacerse da\u00f1o a s\u00ed mismo, a ti o a otros si rompes la relaci\u00f3n.<\/li><li class=\"p1\">Es celoso y posesivo sobre el tiempo que pasas con tus amigos.<\/li><li class=\"p1\">Env\u00eda mensajes y llamadas constantemente y se enoja cuando no respondes de inmediato.<\/li><li class=\"p1\">Te presiona para que tengas relaciones sexuales, actos sexuales, drogas y\/o alcohol cuando no quieres.<\/li><li class=\"p1\">Tu peso, apariencia o calificaciones han cambiado dr\u00e1sticamente debido a la relaci\u00f3n.<\/li><li class=\"p1\">Anota tus logros o metas<\/li><li class=\"p1\">Te culpa por c\u00f3mo se siente<\/li><li class=\"p1\">Te averg\u00fcenza o se burla de ti delante de tus amigos, familiares o profesores.<\/li><li class=\"p1\">Utiliza la intimidaci\u00f3n o las amenazas para salirse con la suya.<\/li><li class=\"p1\">Te dice que no eres nada sin ellos<\/li><li class=\"p1\">Te hace sentir que son m\u00e1s inteligentes y que no puedes tomar decisiones.<\/li><\/ul>\t\t\t\t\t\t\t\t<\/div>\n\t\t\t\t<\/div>\n\t\t\t\t<\/div>\n\t\t\t\t<\/div>\n\t\t<div class=\"elementor-element elementor-element-6e40e28 e-flex e-con-boxed e-con e-parent\" data-id=\"6e40e28\" data-element_type=\"container\" data-e-type=\"container\">\n\t\t\t\t\t<div class=\"e-con-inner\">\n\t\t\t\t<div class=\"elementor-element elementor-element-c9da39b elementor-widget-divider--view-line elementor-widget elementor-widget-divider\" data-id=\"c9da39b\" data-element_type=\"widget\" data-e-type=\"widget\" data-widget_type=\"divider.default\">\n\t\t\t\t<div class=\"elementor-widget-container\">\n\t\t\t\t\t\t\t<div class=\"elementor-divider\">\n\t\t\t<span class=\"elementor-divider-separator\">\n\t\t\t\t\t\t<\/span>\n\t\t<\/div>\n\t\t\t\t\t\t<\/div>\n\t\t\t\t<\/div>\n\t\t\t\t\t<\/div>\n\t\t\t\t<\/div>\n\t\t<div class=\"elementor-element elementor-element-0c53445 e-flex e-con-boxed e-con e-parent\" data-id=\"0c53445\" data-element_type=\"container\" data-e-type=\"container\">\n\t\t\t\t\t<div class=\"e-con-inner\">\n\t\t\t\t<div class=\"elementor-element elementor-element-7d849fa elementor-widget elementor-widget-heading\" data-id=\"7d849fa\" data-element_type=\"widget\" data-e-type=\"widget\" data-widget_type=\"heading.default\">\n\t\t\t\t<div class=\"elementor-widget-container\">\n\t\t\t\t\t<h2 class=\"elementor-heading-title elementor-size-default\"><br><br>Rueda de potencia y control<\/h2>\t\t\t\t<\/div>\n\t\t\t\t<\/div>\n\t\t\t\t\t<\/div>\n\t\t\t\t<\/div>\n\t\t<div class=\"elementor-element elementor-element-0565bdb e-flex e-con-boxed e-con e-parent\" data-id=\"0565bdb\" data-element_type=\"container\" data-e-type=\"container\">\n\t\t\t\t\t<div class=\"e-con-inner\">\n\t\t\t\t<div class=\"elementor-element elementor-element-9ce1e97 elementor-widget-mobile__width-inherit elementor-widget elementor-widget-text-editor\" data-id=\"9ce1e97\" data-element_type=\"widget\" data-e-type=\"widget\" data-widget_type=\"text-editor.default\">\n\t\t\t\t<div class=\"elementor-widget-container\">\n\t\t\t\t\t\t\t\t\t<p data-start=\"79\" data-end=\"338\"><strong data-start=\"79\" data-end=\"139\">El poder y el control son la base de todas las formas de abuso.<\/strong><br data-start=\"139\" data-end=\"142\" \/>El comportamiento abusivo se utiliza a menudo para obtener \u2014y mantener\u2014 el control sobre otra persona. <strong data-start=\"231\" data-end=\"258\">Rueda de potencia y control<\/strong> Destaca las diferentes t\u00e1cticas que se utilizan com\u00fanmente en las citas y en la violencia dom\u00e9stica.<\/p><p data-start=\"340\" data-end=\"596\">Por el contrario, la <strong data-start=\"357\" data-end=\"375\">Rueda de la igualdad<\/strong> Ilustra los comportamientos positivos y respetuosos que crean relaciones saludables. En todas nuestras relaciones, podemos esforzarnos por modelar los valores que muestra la Rueda de la Igualdad: respeto mutuo, confianza y comunicaci\u00f3n abierta.<\/p>\t\t\t\t\t\t\t\t<\/div>\n\t\t\t\t<\/div>\n\t\t\t\t\t<\/div>\n\t\t\t\t<\/div>\n\t\t<div class=\"elementor-element elementor-element-b3d7f7f e-flex e-con-boxed e-con e-parent\" data-id=\"b3d7f7f\" data-element_type=\"container\" data-e-type=\"container\">\n\t\t\t\t\t<div class=\"e-con-inner\">\n\t\t\t\t<div class=\"elementor-element elementor-element-4dda98b elementor-widget__width-initial elementor-widget-mobile__width-inherit elementor-position-top elementor-widget elementor-widget-image-box\" data-id=\"4dda98b\" data-element_type=\"widget\" data-e-type=\"widget\" data-widget_type=\"image-box.default\">\n\t\t\t\t<div class=\"elementor-widget-container\">\n\t\t\t\t\t<div class=\"elementor-image-box-wrapper\"><figure class=\"elementor-image-box-img\"><img fetchpriority=\"high\" decoding=\"async\" width=\"768\" height=\"768\" src=\"https:\/\/safecenter.org\/wp-content\/uploads\/2024\/01\/WheelTeen.png\" class=\"attachment-full size-full wp-image-589\" alt=\"adult equality wheel for dating violence page\" srcset=\"https:\/\/safecenter.org\/wp-content\/uploads\/2024\/01\/WheelTeen.png 768w, https:\/\/safecenter.org\/wp-content\/uploads\/2024\/01\/WheelTeen-300x300.png 300w, https:\/\/safecenter.org\/wp-content\/uploads\/2024\/01\/WheelTeen-150x150.png 150w\" sizes=\"(max-width: 768px) 100vw, 768px\" \/><\/figure><div class=\"elementor-image-box-content\"><p class=\"elementor-image-box-description\"><b>Presi\u00f3n de los pares<\/b> \u2013 Amenazar con exponer la debilidad de alguien o difundir rumores. Decir mentiras maliciosas sobre una persona a sus iguales.\n<br><br>\n<b>Anger &amp; Emotional Abuse <\/b>\u2013 Menospreciarlos. Hacerlos sentir mal consigo mismos. Ponerles apodos. Hacerles creer que est\u00e1n locos. Jugar con la mente. Humillarse mutuamente. Hacerles sentir culpables.\n<br><br>\n<b>Uso del estatus social<\/b> \u2013 Tratarlos como si fueran sirvientes. Tomar todas las decisiones. Actuar como el &quot;amo del castillo&quot;. Ser quien define los roles de hombres y mujeres.\n<br><br>\n<b>Minimizing, Denying, &amp; Blaming <\/b>\u2013 Minimizar el abuso y no tomar en serio las preocupaciones. Decir que el abuso no ocurri\u00f3. Desviar la responsabilidad del comportamiento abusivo. Decir que la pareja no abusiva lo caus\u00f3.\n<br><br>\n<b>Intimidaci\u00f3n<\/b> \u2013 Intimidar a alguien con miradas, gestos o acciones. Destrozar objetos. Destruir propiedad. Maltratar mascotas. Exhibir armas.\n<br><br>\n<b>Amenazas<\/b> \u2013 Amenazar o llevar a cabo amenazas de hacer da\u00f1o a otra persona. Amenazar con irse, suicidarse o denunciarla a la polic\u00eda. Obligarla a retirar los cargos. Obligarla a cometer actos ilegales.\n<br><br>\n<b>Coerci\u00f3n sexual<\/b> \u2013 Manipular o amenazar para tener relaciones sexuales. Coerci\u00f3n reproductiva. Amenazar con quitarles hijos. Emborrachar o drogar a alguien para tener relaciones sexuales.\n<br><br>\n<b>Isolation &amp; Exclusion<\/b> Controlar lo que hace otra persona, a qui\u00e9n ve y con qui\u00e9n habla, qu\u00e9 lee y ad\u00f3nde va. Limitar la participaci\u00f3n externa. Usar los celos para justificar acciones.<\/p><\/div><\/div>\t\t\t\t<\/div>\n\t\t\t\t<\/div>\n\t\t\t\t<div class=\"elementor-element elementor-element-4f50151 elementor-widget__width-initial elementor-widget-mobile__width-inherit elementor-position-top elementor-widget elementor-widget-image-box\" data-id=\"4f50151\" data-element_type=\"widget\" data-e-type=\"widget\" data-widget_type=\"image-box.default\">\n\t\t\t\t<div class=\"elementor-widget-container\">\n\t\t\t\t\t<div class=\"elementor-image-box-wrapper\"><figure class=\"elementor-image-box-img\"><img decoding=\"async\" width=\"768\" height=\"768\" src=\"https:\/\/safecenter.org\/wp-content\/uploads\/2024\/01\/AdultEquality.png\" class=\"attachment-full size-full wp-image-590\" alt=\"adult equality wheel for dating violence page\" srcset=\"https:\/\/safecenter.org\/wp-content\/uploads\/2024\/01\/AdultEquality.png 768w, https:\/\/safecenter.org\/wp-content\/uploads\/2024\/01\/AdultEquality-300x300.png 300w, https:\/\/safecenter.org\/wp-content\/uploads\/2024\/01\/AdultEquality-150x150.png 150w\" sizes=\"(max-width: 768px) 100vw, 768px\" \/><\/figure><div class=\"elementor-image-box-content\"><p class=\"elementor-image-box-description\"><b>Honesty &amp; Accountability<\/b> \u2013 Aceptar la propia responsabilidad. Reconocer si ha habido abuso en el pasado.\n<br><br>\n<b>Comportamiento no amenazante<\/b> Hablar y actuar de forma que tu pareja se sienta segura para expresarse. Comprom\u00e9tete a no usar amenazas ni manipulaciones.\n<br><br>\n<b>Negotiation &amp; Fairness<\/b> \u2013 Buscar soluciones mutuamente satisfactorias a los conflictos. Aceptar el cambio. Estar dispuesto a ceder.\n<br><br>\n<b>Comunicaci\u00f3n<\/b> Comunicarse abierta y verazmente. Ser honesto consigo mismo y con sus propios sentimientos.\n<br><br>\n<b>Responsabilidad compartida<\/b> \u2013 Acordar mutuamente una distribuci\u00f3n justa del trabajo. Tomar decisiones en conjunto. Compartir las responsabilidades parentales cuando hay hijos.\n<br><br>\n<b>Respeto<\/b> \u2013 Escuchar sin juzgar. Ser comprensivo y afirmativo emocionalmente. Valorar las opiniones.\n<br><br>\n<b>Trust &amp; Support<\/b> \u2013 Apoyar las metas del otro. Respetar los derechos, sentimientos, amigos, actividades y opiniones de cada uno. Superar los celos y la envidia.\n<br><br>\n<b>Independence &amp; Autonomy<\/b> Reconocer la interdependencia. Conciencia de las necesidades de dependencia. Aceptar la separaci\u00f3n individual. Reforzar la identidad individual.<\/p><\/div><\/div>\t\t\t\t<\/div>\n\t\t\t\t<\/div>\n\t\t\t\t\t<\/div>\n\t\t\t\t<\/div>\n\t\t<div class=\"elementor-element elementor-element-7911edc e-flex e-con-boxed e-con e-parent\" data-id=\"7911edc\" data-element_type=\"container\" data-e-type=\"container\">\n\t\t\t\t\t<div class=\"e-con-inner\">\n\t\t\t\t<div class=\"elementor-element elementor-element-059e834 elementor-widget elementor-widget-spacer\" data-id=\"059e834\" data-element_type=\"widget\" data-e-type=\"widget\" data-widget_type=\"spacer.default\">\n\t\t\t\t<div class=\"elementor-widget-container\">\n\t\t\t\t\t\t\t<div class=\"elementor-spacer\">\n\t\t\t<div class=\"elementor-spacer-inner\"><\/div>\n\t\t<\/div>\n\t\t\t\t\t\t<\/div>\n\t\t\t\t<\/div>\n\t\t\t\t\t<\/div>\n\t\t\t\t<\/div>\n\t\t\t\t<\/div>","protected":false},"excerpt":{"rendered":"<p>Violencia en el noviazgo. La violencia en el noviazgo es un patr\u00f3n de comportamiento abusivo \u2014que incluye abuso f\u00edsico, emocional, financiero o sexual\u2014 utilizado para obtener poder y control sobre la pareja, ya sea en una relaci\u00f3n casual o seria. Cualquier persona puede sufrir violencia en el noviazgo. Afecta a personas de todos los g\u00e9neros, edades, razas, religiones, capacidades, orientaciones sexuales y niveles socioecon\u00f3micos. En el noviazgo\u2026<\/p>","protected":false},"author":1,"featured_media":0,"parent":0,"menu_order":0,"comment_status":"closed","ping_status":"closed","template":"","meta":{"_kad_post_transparent":"","_kad_post_title":"hide","_kad_post_layout":"fullwidth","_kad_post_sidebar_id":"","_kad_post_content_style":"unboxed","_kad_post_vertical_padding":"hide","_kad_post_feature":"hide","_kad_post_feature_position":"","_kad_post_header":false,"_kad_post_footer":false,"_kad_post_classname":"","footnotes":""},"class_list":["post-585","page","type-page","status-publish","hentry"],"_links":{"self":[{"href":"https:\/\/safecenter.org\/es\/wp-json\/wp\/v2\/pages\/585","targetHints":{"allow":["GET"]}}],"collection":[{"href":"https:\/\/safecenter.org\/es\/wp-json\/wp\/v2\/pages"}],"about":[{"href":"https:\/\/safecenter.org\/es\/wp-json\/wp\/v2\/types\/page"}],"author":[{"embeddable":true,"href":"https:\/\/safecenter.org\/es\/wp-json\/wp\/v2\/users\/1"}],"replies":[{"embeddable":true,"href":"https:\/\/safecenter.org\/es\/wp-json\/wp\/v2\/comments?post=585"}],"version-history":[{"count":115,"href":"https:\/\/safecenter.org\/es\/wp-json\/wp\/v2\/pages\/585\/revisions"}],"predecessor-version":[{"id":3245,"href":"https:\/\/safecenter.org\/es\/wp-json\/wp\/v2\/pages\/585\/revisions\/3245"}],"wp:attachment":[{"href":"https:\/\/safecenter.org\/es\/wp-json\/wp\/v2\/media?parent=585"}],"curies":[{"name":"gracias","href":"https:\/\/api.w.org\/{rel}","templated":true}]}}