{"id":613,"date":"2024-01-24T16:37:40","date_gmt":"2024-01-24T21:37:40","guid":{"rendered":"https:\/\/24f56f3954.nxcli.io\/?page_id=613"},"modified":"2025-05-30T14:41:09","modified_gmt":"2025-05-30T19:41:09","slug":"domestic-violence","status":"publish","type":"page","link":"https:\/\/safecenter.org\/es\/domestic-violence\/","title":{"rendered":"Violencia dom\u00e9stica"},"content":{"rendered":"<div data-elementor-type=\"wp-page\" data-elementor-id=\"613\" class=\"elementor elementor-613\" data-elementor-post-type=\"page\">\n\t\t\t\t<div class=\"elementor-element elementor-element-951d205 e-con-full e-flex e-con e-parent\" data-id=\"951d205\" data-element_type=\"container\" data-settings=\"{&quot;background_background&quot;:&quot;gradient&quot;}\">\n\t\t<div class=\"elementor-element elementor-element-2dd8afd e-flex e-con-boxed e-con e-child\" data-id=\"2dd8afd\" data-element_type=\"container\">\n\t\t\t\t\t<div class=\"e-con-inner\">\n\t\t<div class=\"elementor-element elementor-element-e40de2b e-flex e-con-boxed e-con e-child\" data-id=\"e40de2b\" data-element_type=\"container\" data-settings=\"{&quot;background_background&quot;:&quot;classic&quot;}\">\n\t\t\t\t\t<div class=\"e-con-inner\">\n\t\t\t\t<div class=\"elementor-element elementor-element-7854516 elementor-widget elementor-widget-heading\" data-id=\"7854516\" data-element_type=\"widget\" data-widget_type=\"heading.default\">\n\t\t\t\t<div class=\"elementor-widget-container\">\n\t\t\t\t\t<h1 class=\"elementor-heading-title elementor-size-default\">Violencia dom\u00e9stica<\/h1>\t\t\t\t<\/div>\n\t\t\t\t<\/div>\n\t\t\t\t\t<\/div>\n\t\t\t\t<\/div>\n\t\t\t\t\t<\/div>\n\t\t\t\t<\/div>\n\t\t\t\t<\/div>\n\t\t<div class=\"elementor-element elementor-element-964faa3 e-flex e-con-boxed e-con e-parent\" data-id=\"964faa3\" data-element_type=\"container\">\n\t\t\t\t\t<div class=\"e-con-inner\">\n\t\t\t\t<div class=\"elementor-element elementor-element-d9e6fcf elementor-widget elementor-widget-spacer\" data-id=\"d9e6fcf\" data-element_type=\"widget\" data-widget_type=\"spacer.default\">\n\t\t\t\t<div class=\"elementor-widget-container\">\n\t\t\t\t\t\t\t<div class=\"elementor-spacer\">\n\t\t\t<div class=\"elementor-spacer-inner\"><\/div>\n\t\t<\/div>\n\t\t\t\t\t\t<\/div>\n\t\t\t\t<\/div>\n\t\t\t\t\t<\/div>\n\t\t\t\t<\/div>\n\t\t<div class=\"elementor-element elementor-element-7d4f1bc e-con-full e-flex e-con e-parent\" data-id=\"7d4f1bc\" data-element_type=\"container\">\n\t\t<div class=\"elementor-element elementor-element-5ee688e e-con-full e-flex e-con e-child\" data-id=\"5ee688e\" data-element_type=\"container\">\n\t\t\t\t<div class=\"elementor-element elementor-element-9d63297 elementor-widget__width-inherit elementor-widget elementor-widget-text-editor\" data-id=\"9d63297\" data-element_type=\"widget\" data-widget_type=\"text-editor.default\">\n\t\t\t\t<div class=\"elementor-widget-container\">\n\t\t\t\t\t\t\t\t\t<p data-start=\"114\" data-end=\"397\"><strong data-start=\"114\" data-end=\"135\">Violencia dom\u00e9stica<\/strong> Es un patr\u00f3n de comportamiento abusivo, que incluye abuso f\u00edsico, emocional, financiero o sexual, utilizado para obtener poder y control sobre otra persona en una relaci\u00f3n dom\u00e9stica. Esto puede ocurrir entre compa\u00f1eros de piso, parejas de novios, parejas casadas o familiares.<\/p><p data-start=\"399\" data-end=\"552\">La violencia dom\u00e9stica afecta a personas de todas las edades, g\u00e9neros, razas, religiones, capacidades, orientaciones sexuales y niveles de ingresos. <strong data-start=\"523\" data-end=\"552\">No discrimina.<\/strong><\/p><p data-start=\"554\" data-end=\"760\">El abuso no tiene por qu\u00e9 ser f\u00edsico para ser da\u00f1ino. La manipulaci\u00f3n emocional, el control financiero, el abuso psicol\u00f3gico, la presi\u00f3n y la coerci\u00f3n son graves, y nadie merece sufrir ning\u00fan tipo de abuso.<\/p><p data-start=\"762\" data-end=\"940\">Si usted o alguien que conoce est\u00e1 sufriendo violencia dom\u00e9stica, no dude en comunicarse con nosotros.\u00a0<strong data-start=\"860\" data-end=\"883\">Estamos aqu\u00ed para ayudar.<\/strong><br data-start=\"883\" data-end=\"886\" \/>\ud83d\udcde <strong data-start=\"889\" data-end=\"940\">Llame a nuestra l\u00ednea confidencial 24\/7: 1-877-237-2513<\/strong><\/p>\t\t\t\t\t\t\t\t<\/div>\n\t\t\t\t<\/div>\n\t\t\t\t<\/div>\n\t\t<div class=\"elementor-element elementor-element-764fb76 e-con-full e-flex e-con e-child\" data-id=\"764fb76\" data-element_type=\"container\" data-settings=\"{&quot;background_background&quot;:&quot;classic&quot;}\">\n\t\t\t\t<\/div>\n\t\t\t\t<\/div>\n\t\t<div class=\"elementor-element elementor-element-9d623fe e-flex e-con-boxed e-con e-parent\" data-id=\"9d623fe\" data-element_type=\"container\">\n\t\t\t\t\t<div class=\"e-con-inner\">\n\t\t\t\t<div class=\"elementor-element elementor-element-29e5353 elementor-widget-divider--view-line elementor-widget elementor-widget-divider\" data-id=\"29e5353\" data-element_type=\"widget\" data-widget_type=\"divider.default\">\n\t\t\t\t<div class=\"elementor-widget-container\">\n\t\t\t\t\t\t\t<div class=\"elementor-divider\">\n\t\t\t<span class=\"elementor-divider-separator\">\n\t\t\t\t\t\t<\/span>\n\t\t<\/div>\n\t\t\t\t\t\t<\/div>\n\t\t\t\t<\/div>\n\t\t\t\t\t<\/div>\n\t\t\t\t<\/div>\n\t\t<div class=\"elementor-element elementor-element-c32e62c e-con-full e-flex e-con e-parent\" data-id=\"c32e62c\" data-element_type=\"container\">\n\t\t<div class=\"elementor-element elementor-element-2c7404d e-con-full e-flex e-con e-child\" data-id=\"2c7404d\" data-element_type=\"container\" data-settings=\"{&quot;background_background&quot;:&quot;classic&quot;}\">\n\t\t\t\t<\/div>\n\t\t<div class=\"elementor-element elementor-element-862d58d e-con-full e-flex e-con e-child\" data-id=\"862d58d\" data-element_type=\"container\">\n\t\t\t\t<div class=\"elementor-element elementor-element-6822936 elementor-widget elementor-widget-heading\" data-id=\"6822936\" data-element_type=\"widget\" data-widget_type=\"heading.default\">\n\t\t\t\t<div class=\"elementor-widget-container\">\n\t\t\t\t\t<h2 class=\"elementor-heading-title elementor-size-default\">Se\u00f1ales de violencia dom\u00e9stica<\/h2>\t\t\t\t<\/div>\n\t\t\t\t<\/div>\n\t\t\t\t<div class=\"elementor-element elementor-element-03d23a9 elementor-widget elementor-widget-text-editor\" data-id=\"03d23a9\" data-element_type=\"widget\" data-widget_type=\"text-editor.default\">\n\t\t\t\t<div class=\"elementor-widget-container\">\n\t\t\t\t\t\t\t\t\t<ul><li>Abuso f\u00edsico, incluyendo golpes, bofetadas, mordeduras, patadas y empujones.<\/li><li>Te dice que nunca puedes hacer nada bien.<\/li><li>Muestra celos extremos de sus amigos y del tiempo que pasa lejos.<\/li><li>Le impide o le disuade de ver a sus amigos o familiares.<\/li><li>Te insulta, te degrada o te averg\u00fcenza con desprecios.<\/li><li>Controla las finanzas familiares y\/o toma su dinero o se niega a darle dinero para gastos necesarios<\/li><li>Te mira o act\u00faa de maneras que te asustan.<\/li><li>Controla a qui\u00e9n ves, a d\u00f3nde vas o qu\u00e9 haces.<\/li><li>Le impide tomar sus propias decisiones o le hace sentir incapaz de tomar decisiones.<\/li><li>Te dice que eres un mal padre o amenaza con da\u00f1ar o quitarte a tus hijos.<\/li><li>Le impide trabajar o asistir a la escuela<\/li><li>Destruye su propiedad o amenaza con herir o matar a sus mascotas.<\/li><li>Te intimida con pistolas, cuchillos u otras armas.<\/li><li>Te presiona para tener relaciones sexuales cuando no quieres o hacer cosas sexualmente con las que no te sientes c\u00f3modo<\/li><li>Te presiona para que uses drogas o alcohol<\/li><li>Utiliza a sus hijos como una forma de hacerle sentir culpable o de transmitirle mensajes.<\/li><\/ul>\t\t\t\t\t\t\t\t<\/div>\n\t\t\t\t<\/div>\n\t\t\t\t<\/div>\n\t\t\t\t<\/div>\n\t\t<div class=\"elementor-element elementor-element-195781a e-flex e-con-boxed e-con e-parent\" data-id=\"195781a\" data-element_type=\"container\">\n\t\t\t\t\t<div class=\"e-con-inner\">\n\t\t\t\t<div class=\"elementor-element elementor-element-a9abb97 elementor-widget elementor-widget-spacer\" data-id=\"a9abb97\" data-element_type=\"widget\" data-widget_type=\"spacer.default\">\n\t\t\t\t<div class=\"elementor-widget-container\">\n\t\t\t\t\t\t\t<div class=\"elementor-spacer\">\n\t\t\t<div class=\"elementor-spacer-inner\"><\/div>\n\t\t<\/div>\n\t\t\t\t\t\t<\/div>\n\t\t\t\t<\/div>\n\t\t\t\t\t<\/div>\n\t\t\t\t<\/div>\n\t\t\t\t<\/div>","protected":false},"excerpt":{"rendered":"<p>Violencia dom\u00e9stica. La violencia dom\u00e9stica es un patr\u00f3n de comportamiento abusivo, que incluye abuso f\u00edsico, emocional, financiero o sexual, utilizado para obtener poder y control sobre otra persona en una relaci\u00f3n dom\u00e9stica. Esto puede ocurrir entre compa\u00f1eros de piso, parejas, matrimonios o familiares. La violencia dom\u00e9stica afecta a personas de todas las edades, g\u00e9neros, razas, religiones y capacidades.<\/p>","protected":false},"author":1,"featured_media":0,"parent":0,"menu_order":0,"comment_status":"closed","ping_status":"closed","template":"","meta":{"_kad_post_transparent":"","_kad_post_title":"hide","_kad_post_layout":"fullwidth","_kad_post_sidebar_id":"","_kad_post_content_style":"unboxed","_kad_post_vertical_padding":"hide","_kad_post_feature":"hide","_kad_post_feature_position":"","_kad_post_header":false,"_kad_post_footer":false,"_kad_post_classname":"","footnotes":""},"class_list":["post-613","page","type-page","status-publish","hentry"],"_links":{"self":[{"href":"https:\/\/safecenter.org\/es\/wp-json\/wp\/v2\/pages\/613","targetHints":{"allow":["GET"]}}],"collection":[{"href":"https:\/\/safecenter.org\/es\/wp-json\/wp\/v2\/pages"}],"about":[{"href":"https:\/\/safecenter.org\/es\/wp-json\/wp\/v2\/types\/page"}],"author":[{"embeddable":true,"href":"https:\/\/safecenter.org\/es\/wp-json\/wp\/v2\/users\/1"}],"replies":[{"embeddable":true,"href":"https:\/\/safecenter.org\/es\/wp-json\/wp\/v2\/comments?post=613"}],"version-history":[{"count":70,"href":"https:\/\/safecenter.org\/es\/wp-json\/wp\/v2\/pages\/613\/revisions"}],"predecessor-version":[{"id":3251,"href":"https:\/\/safecenter.org\/es\/wp-json\/wp\/v2\/pages\/613\/revisions\/3251"}],"wp:attachment":[{"href":"https:\/\/safecenter.org\/es\/wp-json\/wp\/v2\/media?parent=613"}],"curies":[{"name":"gracias","href":"https:\/\/api.w.org\/{rel}","templated":true}]}}