{"id":633,"date":"2024-01-24T16:51:42","date_gmt":"2024-01-24T21:51:42","guid":{"rendered":"https:\/\/24f56f3954.nxcli.io\/?page_id=633"},"modified":"2025-05-30T14:43:27","modified_gmt":"2025-05-30T19:43:27","slug":"human-trafficking","status":"publish","type":"page","link":"https:\/\/safecenter.org\/es\/human-trafficking\/","title":{"rendered":"Trata de personas"},"content":{"rendered":"<div data-elementor-type=\"wp-page\" data-elementor-id=\"633\" class=\"elementor elementor-633\" data-elementor-post-type=\"page\">\n\t\t\t\t<div class=\"elementor-element elementor-element-d04a784 e-con-full e-flex e-con e-parent\" data-id=\"d04a784\" data-element_type=\"container\" data-settings=\"{&quot;background_background&quot;:&quot;gradient&quot;}\">\n\t\t<div class=\"elementor-element elementor-element-692160b e-flex e-con-boxed e-con e-child\" data-id=\"692160b\" data-element_type=\"container\">\n\t\t\t\t\t<div class=\"e-con-inner\">\n\t\t<div class=\"elementor-element elementor-element-c33204f e-flex e-con-boxed e-con e-child\" data-id=\"c33204f\" data-element_type=\"container\" data-settings=\"{&quot;background_background&quot;:&quot;classic&quot;}\">\n\t\t\t\t\t<div class=\"e-con-inner\">\n\t\t\t\t<div class=\"elementor-element elementor-element-6fd1458 elementor-widget elementor-widget-heading\" data-id=\"6fd1458\" data-element_type=\"widget\" data-widget_type=\"heading.default\">\n\t\t\t\t<div class=\"elementor-widget-container\">\n\t\t\t\t\t<h1 class=\"elementor-heading-title elementor-size-default\">Trata de personas<\/h1>\t\t\t\t<\/div>\n\t\t\t\t<\/div>\n\t\t\t\t\t<\/div>\n\t\t\t\t<\/div>\n\t\t\t\t\t<\/div>\n\t\t\t\t<\/div>\n\t\t\t\t<\/div>\n\t\t<div class=\"elementor-element elementor-element-fcb29a5 e-flex e-con-boxed e-con e-parent\" data-id=\"fcb29a5\" data-element_type=\"container\">\n\t\t\t\t\t<div class=\"e-con-inner\">\n\t\t\t\t<div class=\"elementor-element elementor-element-ba23d3b elementor-widget elementor-widget-spacer\" data-id=\"ba23d3b\" data-element_type=\"widget\" data-widget_type=\"spacer.default\">\n\t\t\t\t<div class=\"elementor-widget-container\">\n\t\t\t\t\t\t\t<div class=\"elementor-spacer\">\n\t\t\t<div class=\"elementor-spacer-inner\"><\/div>\n\t\t<\/div>\n\t\t\t\t\t\t<\/div>\n\t\t\t\t<\/div>\n\t\t\t\t\t<\/div>\n\t\t\t\t<\/div>\n\t\t<div class=\"elementor-element elementor-element-c4ce53b e-con-full e-flex e-con e-parent\" data-id=\"c4ce53b\" data-element_type=\"container\">\n\t\t<div class=\"elementor-element elementor-element-e9a4b6b e-con-full e-flex e-con e-child\" data-id=\"e9a4b6b\" data-element_type=\"container\">\n\t\t\t\t<div class=\"elementor-element elementor-element-87907d5 elementor-widget elementor-widget-text-editor\" data-id=\"87907d5\" data-element_type=\"widget\" data-widget_type=\"text-editor.default\">\n\t\t\t\t<div class=\"elementor-widget-container\">\n\t\t\t\t\t\t\t\t\t<p data-start=\"77\" data-end=\"258\"><strong data-start=\"77\" data-end=\"98\">Trata de personas<\/strong> Es el uso de la fuerza, el fraude o la coerci\u00f3n para explotar a alguien con fines laborales o sexuales. La coerci\u00f3n puede ser f\u00edsica o psicol\u00f3gica, sutil o directa.<\/p><p data-start=\"260\" data-end=\"477\">La trata de personas <strong data-start=\"277\" data-end=\"284\">no<\/strong> Exigir el transporte o contrabando de personas. Si una persona menor de 18 a\u00f1os participa en actividades sexuales con fines comerciales, se considera trata de personas, incluso si no hay uso de fuerza, fraude ni coerci\u00f3n.<\/p><p data-start=\"479\" data-end=\"666\">La trata de personas puede afectar a cualquier persona: hombres, mujeres y ni\u00f1os de todas las edades, razas, etnias, religiones, capacidades, orientaciones sexuales y niveles de ingresos. <strong data-start=\"637\" data-end=\"666\">No discrimina.<\/strong><\/p>\t\t\t\t\t\t\t\t<\/div>\n\t\t\t\t<\/div>\n\t\t\t\t<\/div>\n\t\t<div class=\"elementor-element elementor-element-a980558 e-con-full e-flex e-con e-child\" data-id=\"a980558\" data-element_type=\"container\" data-settings=\"{&quot;background_background&quot;:&quot;classic&quot;}\">\n\t\t\t\t<\/div>\n\t\t\t\t<\/div>\n\t\t<div class=\"elementor-element elementor-element-270165f e-flex e-con-boxed e-con e-parent\" data-id=\"270165f\" data-element_type=\"container\">\n\t\t\t\t\t<div class=\"e-con-inner\">\n\t\t\t\t<div class=\"elementor-element elementor-element-2ee7a00 elementor-widget-divider--view-line elementor-widget elementor-widget-divider\" data-id=\"2ee7a00\" data-element_type=\"widget\" data-widget_type=\"divider.default\">\n\t\t\t\t<div class=\"elementor-widget-container\">\n\t\t\t\t\t\t\t<div class=\"elementor-divider\">\n\t\t\t<span class=\"elementor-divider-separator\">\n\t\t\t\t\t\t<\/span>\n\t\t<\/div>\n\t\t\t\t\t\t<\/div>\n\t\t\t\t<\/div>\n\t\t\t\t\t<\/div>\n\t\t\t\t<\/div>\n\t\t<div class=\"elementor-element elementor-element-b4501c8 e-con-full e-flex e-con e-parent\" data-id=\"b4501c8\" data-element_type=\"container\">\n\t\t<div class=\"elementor-element elementor-element-9979c13 e-con-full e-flex e-con e-child\" data-id=\"9979c13\" data-element_type=\"container\" data-settings=\"{&quot;background_background&quot;:&quot;classic&quot;}\">\n\t\t\t\t<\/div>\n\t\t<div class=\"elementor-element elementor-element-57004cf e-con-full e-flex e-con e-child\" data-id=\"57004cf\" data-element_type=\"container\">\n\t\t\t\t<div class=\"elementor-element elementor-element-94ad329 elementor-widget elementor-widget-text-editor\" data-id=\"94ad329\" data-element_type=\"widget\" data-widget_type=\"text-editor.default\">\n\t\t\t\t<div class=\"elementor-widget-container\">\n\t\t\t\t\t\t\t\t\t<p data-start=\"114\" data-end=\"448\"><strong data-start=\"114\" data-end=\"187\">Los traficantes utilizan una variedad de t\u00e1cticas para explotar a individuos vulnerables,<\/strong> Incluye violencia, manipulaci\u00f3n, falsas promesas y relaciones rom\u00e1nticas. Suelen dirigirse a personas que enfrentan desaf\u00edos como vulnerabilidad emocional o psicol\u00f3gica, dificultades econ\u00f3micas, falta de apoyo, desastres naturales o inestabilidad pol\u00edtica.<\/p><p data-start=\"450\" data-end=\"661\">Si usted o alguien que conoce puede ser v\u00edctima de trata de personas, o si sospecha de una situaci\u00f3n de trata, <strong data-start=\"560\" data-end=\"625\">Llame a la L\u00ednea Nacional de Atenci\u00f3n contra la Trata de Personas al 1-888-373-7888<\/strong> o <strong data-start=\"629\" data-end=\"660\">Env\u00eda HELP o INFO al 233733<\/strong>.<\/p><p data-start=\"663\" data-end=\"853\">\u26a0\ufe0f <em data-start=\"666\" data-end=\"753\">No te acerques directamente a la situaci\u00f3n ni a la v\u00edctima potencial: puede ser peligroso.<\/em><br data-start=\"753\" data-end=\"756\" \/>En su lugar, p\u00f3ngase en contacto con <strong data-start=\"773\" data-end=\"780\">911<\/strong> o el <strong data-start=\"788\" data-end=\"826\">L\u00ednea Nacional de Atenci\u00f3n sobre la Trata de Personas<\/strong> Para recibir orientaci\u00f3n experta y segura.<\/p>\t\t\t\t\t\t\t\t<\/div>\n\t\t\t\t<\/div>\n\t\t\t\t<\/div>\n\t\t\t\t<\/div>\n\t\t<div class=\"elementor-element elementor-element-aa58d22 e-flex e-con-boxed e-con e-parent\" data-id=\"aa58d22\" data-element_type=\"container\">\n\t\t\t\t\t<div class=\"e-con-inner\">\n\t\t\t\t<div class=\"elementor-element elementor-element-737b924 elementor-widget elementor-widget-spacer\" data-id=\"737b924\" data-element_type=\"widget\" data-widget_type=\"spacer.default\">\n\t\t\t\t<div class=\"elementor-widget-container\">\n\t\t\t\t\t\t\t<div class=\"elementor-spacer\">\n\t\t\t<div class=\"elementor-spacer-inner\"><\/div>\n\t\t<\/div>\n\t\t\t\t\t\t<\/div>\n\t\t\t\t<\/div>\n\t\t\t\t\t<\/div>\n\t\t\t\t<\/div>\n\t\t\t\t<\/div>","protected":false},"excerpt":{"rendered":"<p>Trata de personas. La trata de personas consiste en el uso de la fuerza, el fraude o la coerci\u00f3n para explotar a una persona con fines laborales o de explotaci\u00f3n sexual comercial. La coerci\u00f3n puede ser f\u00edsica o psicol\u00f3gica, sutil o directa. La trata no implica el transporte ni el tr\u00e1fico de personas. Si una persona menor de 18 a\u00f1os participa en actividades sexuales comerciales, es\u2026<\/p>","protected":false},"author":1,"featured_media":0,"parent":0,"menu_order":0,"comment_status":"closed","ping_status":"closed","template":"","meta":{"_kad_post_transparent":"","_kad_post_title":"hide","_kad_post_layout":"fullwidth","_kad_post_sidebar_id":"","_kad_post_content_style":"unboxed","_kad_post_vertical_padding":"hide","_kad_post_feature":"hide","_kad_post_feature_position":"","_kad_post_header":false,"_kad_post_footer":false,"_kad_post_classname":"","footnotes":""},"class_list":["post-633","page","type-page","status-publish","hentry"],"_links":{"self":[{"href":"https:\/\/safecenter.org\/es\/wp-json\/wp\/v2\/pages\/633","targetHints":{"allow":["GET"]}}],"collection":[{"href":"https:\/\/safecenter.org\/es\/wp-json\/wp\/v2\/pages"}],"about":[{"href":"https:\/\/safecenter.org\/es\/wp-json\/wp\/v2\/types\/page"}],"author":[{"embeddable":true,"href":"https:\/\/safecenter.org\/es\/wp-json\/wp\/v2\/users\/1"}],"replies":[{"embeddable":true,"href":"https:\/\/safecenter.org\/es\/wp-json\/wp\/v2\/comments?post=633"}],"version-history":[{"count":61,"href":"https:\/\/safecenter.org\/es\/wp-json\/wp\/v2\/pages\/633\/revisions"}],"predecessor-version":[{"id":3254,"href":"https:\/\/safecenter.org\/es\/wp-json\/wp\/v2\/pages\/633\/revisions\/3254"}],"wp:attachment":[{"href":"https:\/\/safecenter.org\/es\/wp-json\/wp\/v2\/media?parent=633"}],"curies":[{"name":"gracias","href":"https:\/\/api.w.org\/{rel}","templated":true}]}}