{"id":667,"date":"2024-01-24T17:07:38","date_gmt":"2024-01-24T22:07:38","guid":{"rendered":"https:\/\/24f56f3954.nxcli.io\/?page_id=667"},"modified":"2024-05-03T08:58:59","modified_gmt":"2024-05-03T13:58:59","slug":"subscribe","status":"publish","type":"page","link":"https:\/\/safecenter.org\/es\/subscribe\/","title":{"rendered":"Suscribir"},"content":{"rendered":"<div data-elementor-type=\"wp-page\" data-elementor-id=\"667\" class=\"elementor elementor-667\" data-elementor-post-type=\"page\">\n\t\t\t\t<div class=\"elementor-element elementor-element-fc8cde7 e-con-full e-flex e-con e-parent\" data-id=\"fc8cde7\" data-element_type=\"container\" data-e-type=\"container\" data-settings=\"{&quot;background_background&quot;:&quot;classic&quot;}\">\n\t\t<div class=\"elementor-element elementor-element-510a2c5 e-flex e-con-boxed e-con e-child\" data-id=\"510a2c5\" data-element_type=\"container\" data-e-type=\"container\">\n\t\t\t\t\t<div class=\"e-con-inner\">\n\t\t<div class=\"elementor-element elementor-element-460875d e-flex e-con-boxed e-con e-child\" data-id=\"460875d\" data-element_type=\"container\" data-e-type=\"container\" data-settings=\"{&quot;background_background&quot;:&quot;classic&quot;}\">\n\t\t\t\t\t<div class=\"e-con-inner\">\n\t\t\t\t<div class=\"elementor-element elementor-element-d5b6c58 elementor-widget elementor-widget-heading\" data-id=\"d5b6c58\" data-element_type=\"widget\" data-e-type=\"widget\" data-widget_type=\"heading.default\">\n\t\t\t\t<div class=\"elementor-widget-container\">\n\t\t\t\t\t<h1 class=\"elementor-heading-title elementor-size-default\">Suscribir<\/h1>\t\t\t\t<\/div>\n\t\t\t\t<\/div>\n\t\t\t\t\t<\/div>\n\t\t\t\t<\/div>\n\t\t<div class=\"elementor-element elementor-element-406549a elementor-hidden-mobile e-flex e-con-boxed e-con e-child\" data-id=\"406549a\" data-element_type=\"container\" data-e-type=\"container\">\n\t\t\t\t\t<div class=\"e-con-inner\">\n\t\t\t\t\t<\/div>\n\t\t\t\t<\/div>\n\t\t\t\t\t<\/div>\n\t\t\t\t<\/div>\n\t\t\t\t<\/div>\n\t\t<div class=\"elementor-element elementor-element-8e51161 e-flex e-con-boxed e-con e-parent\" data-id=\"8e51161\" data-element_type=\"container\" data-e-type=\"container\">\n\t\t\t\t\t<div class=\"e-con-inner\">\n\t\t<div class=\"elementor-element elementor-element-4e95e78 e-con-full e-flex e-con e-child\" data-id=\"4e95e78\" data-element_type=\"container\" data-e-type=\"container\" data-settings=\"{&quot;background_background&quot;:&quot;classic&quot;}\">\n\t\t\t\t<div class=\"elementor-element elementor-element-fd0026a elementor-widget elementor-widget-text-editor\" data-id=\"fd0026a\" data-element_type=\"widget\" data-e-type=\"widget\" data-widget_type=\"text-editor.default\">\n\t\t\t\t<div class=\"elementor-widget-container\">\n\t\t\t\t\t\t\t\t\t<p>\u00a1Sea el primero en enterarse de actualizaciones, eventos y c\u00f3mo est\u00e1 creando un impacto positivo en su comunidad suscribi\u00e9ndose a nuestro bolet\u00edn mensual!<\/p>\t\t\t\t\t\t\t\t<\/div>\n\t\t\t\t<\/div>\n\t\t\t\t<div class=\"elementor-element elementor-element-639d949 elementor-widget elementor-widget-html\" data-id=\"639d949\" data-element_type=\"widget\" data-e-type=\"widget\" data-widget_type=\"html.default\">\n\t\t\t\t<div class=\"elementor-widget-container\">\n\t\t\t\t\t<script src=\"https:\/\/s3-us-west-2.amazonaws.com\/bloomerang-public-cdn\/safecenter\/.widget-js\/779264.js\" type=\"text\/javascript\"><\/script>\t\t\t\t<\/div>\n\t\t\t\t<\/div>\n\t\t\t\t<\/div>\n\t\t<div class=\"elementor-element elementor-element-6b7f564 e-con-full e-flex e-con e-child\" data-id=\"6b7f564\" data-element_type=\"container\" data-e-type=\"container\">\n\t\t\t\t<div class=\"elementor-element elementor-element-44a4c82 elementor-widget elementor-widget-image\" data-id=\"44a4c82\" data-element_type=\"widget\" data-e-type=\"widget\" data-widget_type=\"image.default\">\n\t\t\t\t<div class=\"elementor-widget-container\">\n\t\t\t\t\t\t\t\t\t\t\t\t\t\t\t<img fetchpriority=\"high\" decoding=\"async\" width=\"1024\" height=\"1024\" src=\"https:\/\/safecenter.org\/wp-content\/uploads\/2024\/04\/Wanna-Get-1024x1024.jpg\" class=\"attachment-large size-large wp-image-1429\" alt=\"\" srcset=\"https:\/\/safecenter.org\/wp-content\/uploads\/2024\/04\/Wanna-Get-1024x1024.jpg 1024w, https:\/\/safecenter.org\/wp-content\/uploads\/2024\/04\/Wanna-Get-300x300.jpg 300w, https:\/\/safecenter.org\/wp-content\/uploads\/2024\/04\/Wanna-Get-150x150.jpg 150w, https:\/\/safecenter.org\/wp-content\/uploads\/2024\/04\/Wanna-Get-768x768.jpg 768w, https:\/\/safecenter.org\/wp-content\/uploads\/2024\/04\/Wanna-Get.jpg 1080w\" sizes=\"(max-width: 1024px) 100vw, 1024px\">\t\t\t\t\t\t\t\t\t\t\t\t\t\t\t<\/div>\n\t\t\t\t<\/div>\n\t\t\t\t<\/div>\n\t\t\t\t\t<\/div>\n\t\t\t\t<\/div>\n\t\t\t\t<\/div>","protected":false},"excerpt":{"rendered":"<p>Suscribirse \u00a1Sea el primero en enterarse de actualizaciones, eventos y c\u00f3mo est\u00e1 creando un impacto positivo en su comunidad suscribi\u00e9ndose a nuestro bolet\u00edn mensual!<\/p>","protected":false},"author":1,"featured_media":0,"parent":0,"menu_order":0,"comment_status":"closed","ping_status":"closed","template":"","meta":{"_kad_post_transparent":"","_kad_post_title":"hide","_kad_post_layout":"fullwidth","_kad_post_sidebar_id":"","_kad_post_content_style":"unboxed","_kad_post_vertical_padding":"hide","_kad_post_feature":"hide","_kad_post_feature_position":"","_kad_post_header":false,"_kad_post_footer":false,"_kad_post_classname":"","footnotes":""},"class_list":["post-667","page","type-page","status-publish","hentry"],"_links":{"self":[{"href":"https:\/\/safecenter.org\/es\/wp-json\/wp\/v2\/pages\/667","targetHints":{"allow":["GET"]}}],"collection":[{"href":"https:\/\/safecenter.org\/es\/wp-json\/wp\/v2\/pages"}],"about":[{"href":"https:\/\/safecenter.org\/es\/wp-json\/wp\/v2\/types\/page"}],"author":[{"embeddable":true,"href":"https:\/\/safecenter.org\/es\/wp-json\/wp\/v2\/users\/1"}],"replies":[{"embeddable":true,"href":"https:\/\/safecenter.org\/es\/wp-json\/wp\/v2\/comments?post=667"}],"version-history":[{"count":43,"href":"https:\/\/safecenter.org\/es\/wp-json\/wp\/v2\/pages\/667\/revisions"}],"predecessor-version":[{"id":1880,"href":"https:\/\/safecenter.org\/es\/wp-json\/wp\/v2\/pages\/667\/revisions\/1880"}],"wp:attachment":[{"href":"https:\/\/safecenter.org\/es\/wp-json\/wp\/v2\/media?parent=667"}],"curies":[{"name":"gracias","href":"https:\/\/api.w.org\/{rel}","templated":true}]}}