{"id":687,"date":"2024-01-24T17:22:46","date_gmt":"2024-01-24T22:22:46","guid":{"rendered":"https:\/\/24f56f3954.nxcli.io\/?page_id=687"},"modified":"2025-05-30T14:44:18","modified_gmt":"2025-05-30T19:44:18","slug":"sexual-assault","status":"publish","type":"page","link":"https:\/\/safecenter.org\/es\/sexual-assault\/","title":{"rendered":"Agresi\u00f3n sexual"},"content":{"rendered":"<div data-elementor-type=\"wp-page\" data-elementor-id=\"687\" class=\"elementor elementor-687\" data-elementor-post-type=\"page\">\n\t\t\t\t<div class=\"elementor-element elementor-element-f045c93 e-con-full e-flex e-con e-parent\" data-id=\"f045c93\" data-element_type=\"container\" data-e-type=\"container\" data-settings=\"{&quot;background_background&quot;:&quot;gradient&quot;}\">\n\t\t<div class=\"elementor-element elementor-element-d8821ea e-flex e-con-boxed e-con e-child\" data-id=\"d8821ea\" data-element_type=\"container\" data-e-type=\"container\">\n\t\t\t\t\t<div class=\"e-con-inner\">\n\t\t<div class=\"elementor-element elementor-element-7650f8b e-flex e-con-boxed e-con e-child\" data-id=\"7650f8b\" data-element_type=\"container\" data-e-type=\"container\" data-settings=\"{&quot;background_background&quot;:&quot;classic&quot;}\">\n\t\t\t\t\t<div class=\"e-con-inner\">\n\t\t\t\t<div class=\"elementor-element elementor-element-27ac871 elementor-widget elementor-widget-heading\" data-id=\"27ac871\" data-element_type=\"widget\" data-e-type=\"widget\" data-widget_type=\"heading.default\">\n\t\t\t\t<div class=\"elementor-widget-container\">\n\t\t\t\t\t<h1 class=\"elementor-heading-title elementor-size-default\">Agresi\u00f3n sexual<\/h1>\t\t\t\t<\/div>\n\t\t\t\t<\/div>\n\t\t\t\t\t<\/div>\n\t\t\t\t<\/div>\n\t\t\t\t\t<\/div>\n\t\t\t\t<\/div>\n\t\t\t\t<\/div>\n\t\t<div class=\"elementor-element elementor-element-02dfa99 e-flex e-con-boxed e-con e-parent\" data-id=\"02dfa99\" data-element_type=\"container\" data-e-type=\"container\">\n\t\t\t\t\t<div class=\"e-con-inner\">\n\t\t\t\t<div class=\"elementor-element elementor-element-56c1d47 elementor-widget elementor-widget-spacer\" data-id=\"56c1d47\" data-element_type=\"widget\" data-e-type=\"widget\" data-widget_type=\"spacer.default\">\n\t\t\t\t<div class=\"elementor-widget-container\">\n\t\t\t\t\t\t\t<div class=\"elementor-spacer\">\n\t\t\t<div class=\"elementor-spacer-inner\"><\/div>\n\t\t<\/div>\n\t\t\t\t\t\t<\/div>\n\t\t\t\t<\/div>\n\t\t\t\t\t<\/div>\n\t\t\t\t<\/div>\n\t\t<div class=\"elementor-element elementor-element-c557744 e-con-full e-flex e-con e-parent\" data-id=\"c557744\" data-element_type=\"container\" data-e-type=\"container\">\n\t\t<div class=\"elementor-element elementor-element-2fff60e e-con-full e-flex e-con e-child\" data-id=\"2fff60e\" data-element_type=\"container\" data-e-type=\"container\">\n\t\t\t\t<div class=\"elementor-element elementor-element-71fe233 elementor-widget elementor-widget-text-editor\" data-id=\"71fe233\" data-element_type=\"widget\" data-e-type=\"widget\" data-widget_type=\"text-editor.default\">\n\t\t\t\t<div class=\"elementor-widget-container\">\n\t\t\t\t\t\t\t\t\t<p data-start=\"147\" data-end=\"468\"><strong data-start=\"147\" data-end=\"165\">agresi\u00f3n sexual<\/strong> Es cualquier actividad sexual que ocurre sin consentimiento claro, informado y voluntario. Esto incluye tocamientos, besos, manoseos, violaci\u00f3n o cualquier otra forma de contacto sexual no deseado. Puede implicar fuerza, presi\u00f3n, coerci\u00f3n, manipulaci\u00f3n o el consumo de alcohol o drogas para aumentar la vulnerabilidad de una persona.<\/p><p data-start=\"470\" data-end=\"644\">La agresi\u00f3n sexual nunca es culpa de la persona sobreviviente. Puede ocurrir en cualquier tipo de relaci\u00f3n, incluyendo el noviazgo o el matrimonio, y <strong data-start=\"594\" data-end=\"643\">La falta de consentimiento todav\u00eda lo convierte en agresi\u00f3n sexual<\/strong>.<\/p><p data-start=\"646\" data-end=\"794\">Afecta a personas de todas las edades, g\u00e9neros, razas, religiones, capacidades, orientaciones sexuales y or\u00edgenes. <strong data-start=\"753\" data-end=\"794\">La agresi\u00f3n sexual no discrimina.<\/strong><\/p><p data-start=\"796\" data-end=\"1060\">El trauma causado por una agresi\u00f3n sexual no tiene un tiempo definido. La recuperaci\u00f3n es diferente para cada persona. <strong data-start=\"891\" data-end=\"969\">Hay apoyo disponible, ya sea que el asalto haya ocurrido recientemente o hace a\u00f1os.<\/strong> Si tiene dificultades, los servicios de asesoramiento y apoyo emocional pueden ayudarle a seguir adelante.<\/p><p data-start=\"1062\" data-end=\"1256\">Si usted o alguien que conoce ha sufrido una agresi\u00f3n sexual, no dude en comunicarse con nosotros. <strong data-start=\"1157\" data-end=\"1199\">Estamos aqu\u00ed para escucharte y apoyarte.<\/strong><br data-start=\"1199\" data-end=\"1202\" \/>\ud83d\udcde <strong data-start=\"1205\" data-end=\"1256\">Llame a nuestra l\u00ednea confidencial 24\/7: 1-877-237-2513<\/strong><\/p>\t\t\t\t\t\t\t\t<\/div>\n\t\t\t\t<\/div>\n\t\t\t\t<\/div>\n\t\t<div class=\"elementor-element elementor-element-fe89374 e-con-full e-flex e-con e-child\" data-id=\"fe89374\" data-element_type=\"container\" data-e-type=\"container\" data-settings=\"{&quot;background_background&quot;:&quot;classic&quot;}\">\n\t\t\t\t<\/div>\n\t\t\t\t<\/div>\n\t\t<div class=\"elementor-element elementor-element-8ae8750 e-flex e-con-boxed e-con e-parent\" data-id=\"8ae8750\" data-element_type=\"container\" data-e-type=\"container\">\n\t\t\t\t\t<div class=\"e-con-inner\">\n\t\t\t\t<div class=\"elementor-element elementor-element-b5c01ad elementor-widget elementor-widget-spacer\" data-id=\"b5c01ad\" data-element_type=\"widget\" data-e-type=\"widget\" data-widget_type=\"spacer.default\">\n\t\t\t\t<div class=\"elementor-widget-container\">\n\t\t\t\t\t\t\t<div class=\"elementor-spacer\">\n\t\t\t<div class=\"elementor-spacer-inner\"><\/div>\n\t\t<\/div>\n\t\t\t\t\t\t<\/div>\n\t\t\t\t<\/div>\n\t\t\t\t\t<\/div>\n\t\t\t\t<\/div>\n\t\t\t\t<\/div>","protected":false},"excerpt":{"rendered":"<p>Agresi\u00f3n sexual. La agresi\u00f3n sexual es cualquier actividad sexual que ocurre sin consentimiento claro, informado y voluntario. Esto incluye tocamientos, besos, manoseos, violaci\u00f3n o cualquier otra forma de contacto sexual no deseado. Puede implicar fuerza, presi\u00f3n, coerci\u00f3n, manipulaci\u00f3n o el consumo de alcohol o drogas para aumentar la vulnerabilidad de una persona. La agresi\u00f3n sexual nunca es responsabilidad del\/de la sobreviviente\u2026<\/p>","protected":false},"author":1,"featured_media":0,"parent":0,"menu_order":0,"comment_status":"closed","ping_status":"closed","template":"","meta":{"_kad_post_transparent":"","_kad_post_title":"hide","_kad_post_layout":"fullwidth","_kad_post_sidebar_id":"","_kad_post_content_style":"unboxed","_kad_post_vertical_padding":"hide","_kad_post_feature":"hide","_kad_post_feature_position":"","_kad_post_header":false,"_kad_post_footer":false,"_kad_post_classname":"","footnotes":""},"class_list":["post-687","page","type-page","status-publish","hentry"],"_links":{"self":[{"href":"https:\/\/safecenter.org\/es\/wp-json\/wp\/v2\/pages\/687","targetHints":{"allow":["GET"]}}],"collection":[{"href":"https:\/\/safecenter.org\/es\/wp-json\/wp\/v2\/pages"}],"about":[{"href":"https:\/\/safecenter.org\/es\/wp-json\/wp\/v2\/types\/page"}],"author":[{"embeddable":true,"href":"https:\/\/safecenter.org\/es\/wp-json\/wp\/v2\/users\/1"}],"replies":[{"embeddable":true,"href":"https:\/\/safecenter.org\/es\/wp-json\/wp\/v2\/comments?post=687"}],"version-history":[{"count":49,"href":"https:\/\/safecenter.org\/es\/wp-json\/wp\/v2\/pages\/687\/revisions"}],"predecessor-version":[{"id":3257,"href":"https:\/\/safecenter.org\/es\/wp-json\/wp\/v2\/pages\/687\/revisions\/3257"}],"wp:attachment":[{"href":"https:\/\/safecenter.org\/es\/wp-json\/wp\/v2\/media?parent=687"}],"curies":[{"name":"gracias","href":"https:\/\/api.w.org\/{rel}","templated":true}]}}