{"id":694,"date":"2024-01-24T17:26:38","date_gmt":"2024-01-24T22:26:38","guid":{"rendered":"https:\/\/24f56f3954.nxcli.io\/?page_id=694"},"modified":"2025-05-30T14:45:08","modified_gmt":"2025-05-30T19:45:08","slug":"stalking","status":"publish","type":"page","link":"https:\/\/safecenter.org\/es\/stalking\/","title":{"rendered":"Acecho"},"content":{"rendered":"<div data-elementor-type=\"wp-page\" data-elementor-id=\"694\" class=\"elementor elementor-694\" data-elementor-post-type=\"page\">\n\t\t\t\t<div class=\"elementor-element elementor-element-a9b8a19 e-con-full e-flex e-con e-parent\" data-id=\"a9b8a19\" data-element_type=\"container\" data-settings=\"{&quot;background_background&quot;:&quot;gradient&quot;}\">\n\t\t<div class=\"elementor-element elementor-element-0f710f1 e-flex e-con-boxed e-con e-child\" data-id=\"0f710f1\" data-element_type=\"container\">\n\t\t\t\t\t<div class=\"e-con-inner\">\n\t\t<div class=\"elementor-element elementor-element-715b29a e-flex e-con-boxed e-con e-child\" data-id=\"715b29a\" data-element_type=\"container\" data-settings=\"{&quot;background_background&quot;:&quot;classic&quot;}\">\n\t\t\t\t\t<div class=\"e-con-inner\">\n\t\t\t\t<div class=\"elementor-element elementor-element-d1d0ed5 elementor-widget elementor-widget-heading\" data-id=\"d1d0ed5\" data-element_type=\"widget\" data-widget_type=\"heading.default\">\n\t\t\t\t<div class=\"elementor-widget-container\">\n\t\t\t\t\t<h1 class=\"elementor-heading-title elementor-size-default\">Acecho<\/h1>\t\t\t\t<\/div>\n\t\t\t\t<\/div>\n\t\t\t\t\t<\/div>\n\t\t\t\t<\/div>\n\t\t\t\t\t<\/div>\n\t\t\t\t<\/div>\n\t\t\t\t<\/div>\n\t\t<div class=\"elementor-element elementor-element-169b21b e-flex e-con-boxed e-con e-parent\" data-id=\"169b21b\" data-element_type=\"container\">\n\t\t\t\t\t<div class=\"e-con-inner\">\n\t\t\t\t<div class=\"elementor-element elementor-element-3248099 elementor-widget elementor-widget-spacer\" data-id=\"3248099\" data-element_type=\"widget\" data-widget_type=\"spacer.default\">\n\t\t\t\t<div class=\"elementor-widget-container\">\n\t\t\t\t\t\t\t<div class=\"elementor-spacer\">\n\t\t\t<div class=\"elementor-spacer-inner\"><\/div>\n\t\t<\/div>\n\t\t\t\t\t\t<\/div>\n\t\t\t\t<\/div>\n\t\t\t\t\t<\/div>\n\t\t\t\t<\/div>\n\t\t<div class=\"elementor-element elementor-element-829265e e-flex e-con-boxed e-con e-parent\" data-id=\"829265e\" data-element_type=\"container\">\n\t\t\t\t\t<div class=\"e-con-inner\">\n\t\t\t\t<div class=\"elementor-element elementor-element-7e94fc5 elementor-widget__width-initial elementor-widget-mobile__width-initial elementor-widget elementor-widget-text-editor\" data-id=\"7e94fc5\" data-element_type=\"widget\" data-widget_type=\"text-editor.default\">\n\t\t\t\t<div class=\"elementor-widget-container\">\n\t\t\t\t\t\t\t\t\t<p data-start=\"131\" data-end=\"365\"><strong data-start=\"131\" data-end=\"143\">Acecho<\/strong> Es un patr\u00f3n de atenci\u00f3n, contacto, acoso o comportamiento repetido e indeseado dirigido a alguien que le causa miedo. A menudo se utiliza como t\u00e1ctica para ganar o mantener <strong data-start=\"323\" data-end=\"344\">potencia y control<\/strong> sobre otra persona.<\/p><p data-start=\"367\" data-end=\"615\">El acoso puede afectar a cualquier persona, independientemente de su edad, g\u00e9nero, raza, religi\u00f3n, capacidad, orientaci\u00f3n sexual o antecedentes. <strong data-start=\"483\" data-end=\"512\">No discrimina.<\/strong> Un acosador puede ser una pareja actual o anterior, un familiar, un amigo, un conocido o incluso un extra\u00f1o.<\/p><p data-start=\"617\" data-end=\"777\">Si usted o alguien que conoce est\u00e1 sufriendo acoso, no est\u00e1 solo. <strong data-start=\"689\" data-end=\"720\">Estamos aqu\u00ed para apoyarle.<\/strong><br data-start=\"720\" data-end=\"723\" \/>\ud83d\udcde <strong data-start=\"726\" data-end=\"777\">Llame a nuestra l\u00ednea confidencial 24\/7: 1-877-237-2513<\/strong><\/p>\t\t\t\t\t\t\t\t<\/div>\n\t\t\t\t<\/div>\n\t\t<div class=\"elementor-element elementor-element-6aa5f1c e-con-full e-flex e-con e-child\" data-id=\"6aa5f1c\" data-element_type=\"container\">\n\t\t\t\t<div class=\"elementor-element elementor-element-8f11a75 elementor-widget elementor-widget-image\" data-id=\"8f11a75\" data-element_type=\"widget\" data-widget_type=\"image.default\">\n\t\t\t\t<div class=\"elementor-widget-container\">\n\t\t\t\t\t\t\t\t\t\t\t\t\t\t\t<img fetchpriority=\"high\" decoding=\"async\" width=\"600\" height=\"600\" src=\"https:\/\/safecenter.org\/wp-content\/uploads\/2025\/05\/Untitled-design-41.png\" class=\"attachment-full size-full wp-image-2472\" alt=\"\" srcset=\"https:\/\/safecenter.org\/wp-content\/uploads\/2025\/05\/Untitled-design-41.png 600w, https:\/\/safecenter.org\/wp-content\/uploads\/2025\/05\/Untitled-design-41-300x300.png 300w, https:\/\/safecenter.org\/wp-content\/uploads\/2025\/05\/Untitled-design-41-150x150.png 150w\" sizes=\"(max-width: 600px) 100vw, 600px\">\t\t\t\t\t\t\t\t\t\t\t\t\t\t\t<\/div>\n\t\t\t\t<\/div>\n\t\t\t\t<\/div>\n\t\t\t\t\t<\/div>\n\t\t\t\t<\/div>\n\t\t<div class=\"elementor-element elementor-element-8f2416d e-flex e-con-boxed e-con e-parent\" data-id=\"8f2416d\" data-element_type=\"container\">\n\t\t\t\t\t<div class=\"e-con-inner\">\n\t\t\t\t<div class=\"elementor-element elementor-element-92df041 elementor-widget elementor-widget-spacer\" data-id=\"92df041\" data-element_type=\"widget\" data-widget_type=\"spacer.default\">\n\t\t\t\t<div class=\"elementor-widget-container\">\n\t\t\t\t\t\t\t<div class=\"elementor-spacer\">\n\t\t\t<div class=\"elementor-spacer-inner\"><\/div>\n\t\t<\/div>\n\t\t\t\t\t\t<\/div>\n\t\t\t\t<\/div>\n\t\t\t\t\t<\/div>\n\t\t\t\t<\/div>\n\t\t\t\t<\/div>","protected":false},"excerpt":{"rendered":"<p>El acecho es un patr\u00f3n de atenci\u00f3n, contacto, acoso o comportamiento repetido e indeseado dirigido a alguien que le causa miedo. A menudo se utiliza como t\u00e1ctica para obtener o mantener poder y control sobre otra persona. El acecho puede afectar a cualquier persona, independientemente de su edad, g\u00e9nero, raza, religi\u00f3n, capacidad, orientaci\u00f3n sexual o antecedentes.<\/p>","protected":false},"author":1,"featured_media":0,"parent":0,"menu_order":0,"comment_status":"closed","ping_status":"closed","template":"","meta":{"_kad_post_transparent":"","_kad_post_title":"hide","_kad_post_layout":"fullwidth","_kad_post_sidebar_id":"","_kad_post_content_style":"unboxed","_kad_post_vertical_padding":"hide","_kad_post_feature":"hide","_kad_post_feature_position":"","_kad_post_header":false,"_kad_post_footer":false,"_kad_post_classname":"","footnotes":""},"class_list":["post-694","page","type-page","status-publish","hentry"],"_links":{"self":[{"href":"https:\/\/safecenter.org\/es\/wp-json\/wp\/v2\/pages\/694","targetHints":{"allow":["GET"]}}],"collection":[{"href":"https:\/\/safecenter.org\/es\/wp-json\/wp\/v2\/pages"}],"about":[{"href":"https:\/\/safecenter.org\/es\/wp-json\/wp\/v2\/types\/page"}],"author":[{"embeddable":true,"href":"https:\/\/safecenter.org\/es\/wp-json\/wp\/v2\/users\/1"}],"replies":[{"embeddable":true,"href":"https:\/\/safecenter.org\/es\/wp-json\/wp\/v2\/comments?post=694"}],"version-history":[{"count":97,"href":"https:\/\/safecenter.org\/es\/wp-json\/wp\/v2\/pages\/694\/revisions"}],"predecessor-version":[{"id":3260,"href":"https:\/\/safecenter.org\/es\/wp-json\/wp\/v2\/pages\/694\/revisions\/3260"}],"wp:attachment":[{"href":"https:\/\/safecenter.org\/es\/wp-json\/wp\/v2\/media?parent=694"}],"curies":[{"name":"gracias","href":"https:\/\/api.w.org\/{rel}","templated":true}]}}